{"id":4711,"date":"2021-03-05T13:08:56","date_gmt":"2021-03-05T11:08:56","guid":{"rendered":"https:\/\/www.funlus.fi\/data-protection\/"},"modified":"2025-06-24T14:50:30","modified_gmt":"2025-06-24T12:50:30","slug":"data-protection","status":"publish","type":"page","link":"https:\/\/www.funlus.fi\/en\/data-protection\/","title":{"rendered":"Data Protection"},"content":{"rendered":"<p><div class=\"fusion-fullwidth fullwidth-box fusion-builder-row-1 fusion-flex-container nonhundred-percent-fullwidth non-hundred-percent-height-scrolling\" style=\"--awb-border-radius-top-left:0px;--awb-border-radius-top-right:0px;--awb-border-radius-bottom-right:0px;--awb-border-radius-bottom-left:0px;--awb-flex-wrap:wrap;\" ><div class=\"fusion-builder-row fusion-row fusion-flex-align-items-flex-start fusion-flex-content-wrap\" style=\"max-width:1248px;margin-left: calc(-4% \/ 2 );margin-right: calc(-4% \/ 2 );\"><div class=\"fusion-layout-column fusion_builder_column fusion-builder-column-0 fusion_builder_column_1_1 1_1 fusion-flex-column\" style=\"--awb-bg-size:cover;--awb-width-large:100%;--awb-margin-top-large:0px;--awb-spacing-right-large:1.92%;--awb-margin-bottom-large:20px;--awb-spacing-left-large:1.92%;--awb-width-medium:100%;--awb-order-medium:0;--awb-spacing-right-medium:1.92%;--awb-spacing-left-medium:1.92%;--awb-width-small:100%;--awb-order-small:0;--awb-spacing-right-small:1.92%;--awb-spacing-left-small:1.92%;\"><div class=\"fusion-column-wrapper fusion-column-has-shadow fusion-flex-justify-content-flex-start fusion-content-layout-column\"><div class=\"fusion-title title fusion-title-1 fusion-sep-none fusion-title-text fusion-title-size-one\" style=\"--awb-margin-top-small:10px;--awb-margin-right-small:0px;--awb-margin-bottom-small:10px;--awb-margin-left-small:0px;\"><h1 class=\"fusion-title-heading title-heading-left fusion-responsive-typography-calculated\" style=\"margin:0;--fontSize:54;line-height:1.16;\">Data Protection<\/h1><\/div><\/div><\/div><div class=\"fusion-layout-column fusion_builder_column fusion-builder-column-1 fusion_builder_column_1_1 1_1 fusion-flex-column\" style=\"--awb-bg-size:cover;--awb-width-large:100%;--awb-margin-top-large:0px;--awb-spacing-right-large:1.92%;--awb-margin-bottom-large:3%;--awb-spacing-left-large:1.92%;--awb-width-medium:100%;--awb-order-medium:0;--awb-spacing-right-medium:1.92%;--awb-spacing-left-medium:1.92%;--awb-width-small:100%;--awb-order-small:0;--awb-spacing-right-small:1.92%;--awb-spacing-left-small:1.92%;\"><div class=\"fusion-column-wrapper fusion-column-has-shadow fusion-flex-justify-content-flex-start fusion-content-layout-column\"><div class=\"fusion-text fusion-text-1 awb-text-cols fusion-text-columns-2\" style=\"--awb-columns:2;--awb-column-spacing:2em;--awb-column-min-width:300px;\"><p>The new EU General Data Protection Regulation (GDPR) grants individuals greater rights over the management of their personal data. Data controllers and processors must implement appropriate technical and organizational measures to protect personal data from unauthorized access, accidental or unlawful destruction, alteration, disclosure, transfer, or any other unlawful processing. <\/p>\n<p>Funlus Oy has prepared for the General Data Protection Regulation (GDPR) during 2017\u20132021 by training staff, drafting a data protection report, incorporating a data protection appendix into contracts and terms of use, implementing security guidelines, applying technical safeguards, and establishing information practices. Your personal data (as a registered user) is processed in accordance with the regulation. By continuing to use the online service, you accept the following privacy policy and the use of cookies on the website.  <\/p>\n<\/div><\/div><\/div><div class=\"fusion-layout-column fusion_builder_column fusion-builder-column-2 fusion_builder_column_1_2 1_2 fusion-flex-column\" style=\"--awb-bg-size:cover;--awb-width-large:50%;--awb-margin-top-large:0px;--awb-spacing-right-large:3.84%;--awb-margin-bottom-large:20px;--awb-spacing-left-large:3.84%;--awb-width-medium:50%;--awb-order-medium:0;--awb-spacing-right-medium:3.84%;--awb-spacing-left-medium:3.84%;--awb-width-small:100%;--awb-order-small:0;--awb-spacing-right-small:1.92%;--awb-spacing-left-small:1.92%;\"><div class=\"fusion-column-wrapper fusion-column-has-shadow fusion-flex-justify-content-flex-start fusion-content-layout-column\"><div class=\"fusion-title title fusion-title-2 fusion-sep-none fusion-title-text fusion-title-size-two\" style=\"--awb-margin-top-small:10px;--awb-margin-right-small:0px;--awb-margin-bottom-small:10px;--awb-margin-left-small:0px;--awb-font-size:30px;\"><h2 class=\"fusion-title-heading title-heading-left fusion-responsive-typography-calculated\" style=\"margin:0;font-size:1em;--fontSize:30;line-height:1.2;\">Information about cookies<\/h2><\/div><div class=\"fusion-text fusion-text-2\"><p>You can manage and disable cookies through your web browser settings and the website&#8217;s cookie settings.<\/p>\n<p>Cookies are essential for the basic functionality of the funlus.fi online service (e.g., login). Their purpose is to enhance the user experience. <\/p>\n<p><code><p id=\"matomo_opted_out_intro\" style=\"display:none;\">Olet poistanut itsesi seurannasta; k\u00e4yntej\u00e4 t\u00e4lle sivulle ei seurata. Huomioi, ett\u00e4 jos poistat ev\u00e4steet, poistat t\u00e4m\u00e4n sivun asettaman ev\u00e4steen, vaihdat tietokonetta tai selainta, sinun t\u00e4ytyy suorittaa t\u00e4m\u00e4 uudelleen.<\/p><p id=\"matomo_opted_in_intro\" >Voit p\u00e4\u00e4tt\u00e4\u00e4, ettet halua sinua ja tekemi\u00e4si seurattavan t\u00e4ll\u00e4 sivustolla. Niin toimimalla suojaat yksityisyytt\u00e4si, mutta samalla est\u00e4t sivuston omistajaa oppimasta toimistasi ja siten est\u00e4t paremman k\u00e4ytt\u00f6kokemuksen kehitt\u00e4misen sinulle sek\u00e4 muille sivuston k\u00e4ytt\u00e4jille.<\/p><form>\n        <input type=\"checkbox\" id=\"matomo_optout_checkbox\" checked=\"checked\"\/>\n        <label for=\"matomo_optout_checkbox\"><strong>\n        <span id=\"matomo_opted_in_label\" >Et ole kielt\u00e4nyt seurantaa. Poista valinta t\u00e4st\u00e4 est\u00e4\u00e4ksesi seurannan.<\/span>\n\t\t<span id=\"matomo_opted_out_label\" style=\"display:none;\">Et ole mukana seurannassa. Lis\u00e4\u00e4 valinta osallistuaksesi seurantaan.<\/span>\n        <\/strong><\/label><\/form><noscript><p><strong style=\"color: #ff0000;\">This opt out feature requires JavaScript.<\/strong><\/p><\/noscript><p id=\"matomo_outout_err_cookies\" style=\"display: none;\"><strong>Seurannasta irtautumisen ominaisuus vaatii, ett\u00e4 ev\u00e4steet ovat k\u00e4yt\u00f6ss\u00e4.<\/strong><\/p><\/code><\/p>\n<\/div><\/div><\/div><div class=\"fusion-layout-column fusion_builder_column fusion-builder-column-3 fusion_builder_column_1_2 1_2 fusion-flex-column\" style=\"--awb-bg-size:cover;--awb-width-large:50%;--awb-margin-top-large:0px;--awb-spacing-right-large:3.84%;--awb-margin-bottom-large:20px;--awb-spacing-left-large:3.84%;--awb-width-medium:50%;--awb-order-medium:0;--awb-spacing-right-medium:3.84%;--awb-spacing-left-medium:3.84%;--awb-width-small:100%;--awb-order-small:0;--awb-spacing-right-small:1.92%;--awb-spacing-left-small:1.92%;\"><div class=\"fusion-column-wrapper fusion-column-has-shadow fusion-flex-justify-content-flex-start fusion-content-layout-column\"><div class=\"fusion-image-element \" style=\"--awb-caption-title-font-family:var(--h2_typography-font-family);--awb-caption-title-font-weight:var(--h2_typography-font-weight);--awb-caption-title-font-style:var(--h2_typography-font-style);--awb-caption-title-size:var(--h2_typography-font-size);--awb-caption-title-transform:var(--h2_typography-text-transform);--awb-caption-title-line-height:var(--h2_typography-line-height);--awb-caption-title-letter-spacing:var(--h2_typography-letter-spacing);\"><span class=\" fusion-imageframe imageframe-none imageframe-1 hover-type-none\"><img decoding=\"async\" width=\"386\" height=\"471\" src=\"https:\/\/www.funlus.fi\/wp-content\/uploads\/2021\/03\/funlus_evasteet.png\" alt class=\"img-responsive wp-image-4029\" srcset=\"https:\/\/www.funlus.fi\/wp-content\/uploads\/2021\/03\/funlus_evasteet-200x244.png 200w, https:\/\/www.funlus.fi\/wp-content\/uploads\/2021\/03\/funlus_evasteet.png 386w\" sizes=\"(max-width: 640px) 100vw, 386px\" \/><\/span><\/div><\/div><\/div><\/div><\/div><div class=\"fusion-fullwidth fullwidth-box fusion-builder-row-2 fusion-flex-container nonhundred-percent-fullwidth non-hundred-percent-height-scrolling\" style=\"--awb-border-radius-top-left:0px;--awb-border-radius-top-right:0px;--awb-border-radius-bottom-right:0px;--awb-border-radius-bottom-left:0px;--awb-flex-wrap:wrap;\" ><div class=\"fusion-builder-row fusion-row fusion-flex-align-items-flex-start fusion-flex-content-wrap\" style=\"max-width:1248px;margin-left: calc(-4% \/ 2 );margin-right: calc(-4% \/ 2 );\"><div class=\"fusion-layout-column fusion_builder_column fusion-builder-column-4 fusion_builder_column_1_1 1_1 fusion-flex-column\" style=\"--awb-bg-size:cover;--awb-width-large:100%;--awb-margin-top-large:0px;--awb-spacing-right-large:1.92%;--awb-margin-bottom-large:20px;--awb-spacing-left-large:1.92%;--awb-width-medium:100%;--awb-order-medium:0;--awb-spacing-right-medium:1.92%;--awb-spacing-left-medium:1.92%;--awb-width-small:100%;--awb-order-small:0;--awb-spacing-right-small:1.92%;--awb-spacing-left-small:1.92%;\"><div class=\"fusion-column-wrapper fusion-column-has-shadow fusion-flex-justify-content-flex-start fusion-content-layout-column\"><div class=\"fusion-title title fusion-title-3 fusion-sep-none fusion-title-text fusion-title-size-two\" style=\"--awb-margin-top-small:10px;--awb-margin-right-small:0px;--awb-margin-bottom-small:10px;--awb-margin-left-small:0px;\"><h2 class=\"fusion-title-heading title-heading-left fusion-responsive-typography-calculated\" style=\"margin:0;--fontSize:38;line-height:1.2;\">Online Service Privacy Policy<\/h2><\/div><div class=\"fusion-text fusion-text-3\"><p><strong>1. Data Controller<\/strong><\/p>\n<p>Name: Funlus Oy<br \/>Address: Matintie 21 A krs 2, 73300 NILSI\u00c4<br \/>Other Contact Information<\/p>\n<p>asiakaspalvelu@funlus.fi \/ +35850 585 6005<\/p>\n<p><strong>2. Data protection-related requests<\/strong><\/p>\n<p>Contact information for the registered person&#8217;s rights and requests:<br \/>asiakaspalvelu@funlus.fi \/ +35850 585 6005<br \/><a href=\"https:\/\/www.vismasignforms.com\/form\/d86d5c41-1af5-4048-8fe5-5fbb2969680f\" target=\"_blank\" rel=\"noopener noreferrer\">REQUEST FOR REVIEW OF REGISTERED DATA<\/a> -form<\/p>\n<p>Data Protection Officer:<br \/>Janne Puhto<br \/>asiakaspalvelu@funlus.fi \/ 050 585 6005<\/p>\n<p><strong>3. Register name<\/strong><\/p>\n<p>Online Service User Register<\/p>\n<p><strong>4. Purpose of Personal Data Processing<\/strong><\/p>\n<p>To ensure the proper use of the funlus.fi online service.<\/p>\n<p>Collecting data to develop the online service with a customer-oriented approach.<\/p>\n<p>Forwarding a quotation request\/support incident report to the data controller. Forwarding an open application to the data controller. Chat functionality. Appointment booking for the customer.   <\/p>\n<p><strong>5. Register Data Content<\/strong><\/p>\n<p>Online service users, job applicants, customers, employees<\/p>\n<p>Website user data: IP (Internet Protocol) address, cookie data, device type, traffic source, visit time<\/p>\n<p>\u2013 In a quotation request\/contact request<\/p>\n<p>\u2013 email, phone number, name, message, company, subject, attachments<\/p>\n<p>\u2013 Open application<\/p>\n<p>Name (*), Phone number, Email (*), Place of residence, Year of birth, Brief educational background, Brief work experience, Work samples, Type of employment (*), Type of work you are looking for, CV<\/p>\n<p>Online store order details, products, quantities, order date, amounts<\/p>\n<p>Chat conversations, name, email (IP addresses are not stored), and information provided by the customer in the chat conversation. For appointment bookings, additionally, the agreed time and contact details. <\/p>\n<p><strong>6. Regular sources of information<\/strong><\/p>\n<p>Information provided by the user of the website in the online service and during browsing.<\/p>\n<p><strong>7. Regular disclosures of information<\/strong><\/p>\n<p>Information will not be disclosed outside the EU to companies that do not meet the equivalent requirements set by the GDPR. The data will remain with the data controller and the data processors. Read the complete list of personal data processing on the general terms of service page.  <\/p>\n<p>Funlus Oy processes the personal data of .fi domain name users solely for the purposes of domain registration and management tasks. The data may be processed, for example, in connection with domain registration, transfer, renewal, or termination, as well as for communication with the domain holder. Personal data will not be disclosed to third parties without a legal basis. All processing is carried out securely and in accordance with the EU General Data Protection Regulation (GDPR).   <\/p>\n<\/p>\n<p><strong>8. Transfer of data outside the EU or EEA<\/strong><\/p>\n<p>The company&#8217;s online service is hosted in an AWS data center in Frankfurt. User data from the website is stored on this server anonymously. <\/p>\n<p><strong>9. Protection<\/strong><\/p>\n<p>Access control to premises. Identification is required from authorized individuals. User data is anonymized and stored in a secure cloud environment. The data cannot be linked to natural persons without information from the Internet service provider. Secure connection in the online service (SSL). Dual authentication.    <\/p>\n<p><strong>10. Risks<\/strong><\/p>\n<p>Risks related to personal data include security breaches. Personal data stored in the register is protected against, for example, unauthorised access and accidental or unlawful destruction, alteration, disclosure, transmission or other unlawful forms of processing. <\/p>\n<p><strong>11. Rights of the Data Subject<\/strong><\/p>\n<ul>\n<li>Right of access to personal data<\/li>\n<li>Right to rectification<\/li>\n<li>Right to erasure<\/li>\n<li>Right to restriction of processing<\/li>\n<li>Right to object<\/li>\n<li>Right to transfer data from one system to another (where applicable)<\/li>\n<\/ul>\n<p>A request to exercise the data subject&#8217;s rights must be made in writing to the data controller via email if it cannot be done through the self-service portal.<\/p>\n<ul>\n<li>Newsletter subscribers manage their subscriptions directly from their email. Each message includes an option to unsubscribe and update personal information. <\/li>\n<li>In the <a href=\"https:\/\/www.funlus.fi\/oma-tili\/\">My Account<\/a> section, you can manage information related to online store orders and download\/view digital materials. Registration is not mandatory. <\/li>\n<\/ul>\n<p><strong>12. Retention period<\/strong><\/p>\n<p>Matomo Analytics does not store user-level data; anonymized user data is deleted after a three-year retention period.<br \/>Incident reports, contact requests, and open applications are stored for a maximum of two years and then removed from the records unless there is a legal or regulatory basis for processing. Online store orders are retained for seven years in accordance with accounting law. <\/p>\n<\/div><\/div><\/div><\/div><\/div><\/p>\n","protected":false},"excerpt":{"rendered":"","protected":false},"author":1,"featured_media":0,"parent":0,"menu_order":0,"comment_status":"closed","ping_status":"closed","template":"","meta":{"_acf_changed":false,"footnotes":""},"class_list":["post-4711","page","type-page","status-publish","hentry"],"acf":[],"yoast_head":"<!-- This site is optimized with the Yoast SEO plugin v27.4 - https:\/\/yoast.com\/product\/yoast-seo-wordpress\/ -->\n<title>Data Protection - Funlus Oy - Mainostoimisto - Kuopio<\/title>\n<meta name=\"robots\" content=\"index, follow, max-snippet:-1, max-image-preview:large, max-video-preview:-1\" \/>\n<link rel=\"canonical\" href=\"https:\/\/www.funlus.fi\/en\/data-protection\/\" \/>\n<meta property=\"og:locale\" content=\"en_US\" \/>\n<meta property=\"og:type\" content=\"article\" \/>\n<meta property=\"og:title\" content=\"Data Protection - Funlus Oy - Mainostoimisto - Kuopio\" \/>\n<meta property=\"og:url\" content=\"https:\/\/www.funlus.fi\/en\/data-protection\/\" \/>\n<meta property=\"og:site_name\" content=\"Funlus Oy - Mainostoimisto - Kuopio\" \/>\n<meta property=\"article:modified_time\" content=\"2025-06-24T12:50:30+00:00\" \/>\n<meta name=\"twitter:card\" content=\"summary_large_image\" \/>\n<script type=\"application\/ld+json\" class=\"yoast-schema-graph\">{\"@context\":\"https:\\\/\\\/schema.org\",\"@graph\":[{\"@type\":\"WebPage\",\"@id\":\"https:\\\/\\\/www.funlus.fi\\\/en\\\/data-protection\\\/\",\"url\":\"https:\\\/\\\/www.funlus.fi\\\/en\\\/data-protection\\\/\",\"name\":\"Data Protection - Funlus Oy - Mainostoimisto - Kuopio\",\"isPartOf\":{\"@id\":\"https:\\\/\\\/www.funlus.fi\\\/en\\\/#website\"},\"datePublished\":\"2021-03-05T11:08:56+00:00\",\"dateModified\":\"2025-06-24T12:50:30+00:00\",\"breadcrumb\":{\"@id\":\"https:\\\/\\\/www.funlus.fi\\\/en\\\/data-protection\\\/#breadcrumb\"},\"inLanguage\":\"en-US\",\"potentialAction\":[{\"@type\":\"ReadAction\",\"target\":[\"https:\\\/\\\/www.funlus.fi\\\/en\\\/data-protection\\\/\"]}]},{\"@type\":\"BreadcrumbList\",\"@id\":\"https:\\\/\\\/www.funlus.fi\\\/en\\\/data-protection\\\/#breadcrumb\",\"itemListElement\":[{\"@type\":\"ListItem\",\"position\":1,\"name\":\"Etusivu\",\"item\":\"https:\\\/\\\/www.funlus.fi\\\/en\\\/home-page\\\/\"},{\"@type\":\"ListItem\",\"position\":2,\"name\":\"Data Protection\"}]},{\"@type\":\"WebSite\",\"@id\":\"https:\\\/\\\/www.funlus.fi\\\/en\\\/#website\",\"url\":\"https:\\\/\\\/www.funlus.fi\\\/en\\\/\",\"name\":\"Funlus Oy - Mainostoimisto - Kuopio\",\"description\":\"Autamme asiakkaitamme viestim\u00e4\u00e4n selke\u00e4mmin, kiinnostavammin ja tavoitteellisemmin erilaisissa ymp\u00e4rist\u00f6iss\u00e4.\",\"potentialAction\":[{\"@type\":\"SearchAction\",\"target\":{\"@type\":\"EntryPoint\",\"urlTemplate\":\"https:\\\/\\\/www.funlus.fi\\\/en\\\/?s={search_term_string}\"},\"query-input\":{\"@type\":\"PropertyValueSpecification\",\"valueRequired\":true,\"valueName\":\"search_term_string\"}}],\"inLanguage\":\"en-US\"}]}<\/script>\n<!-- \/ Yoast SEO plugin. -->","yoast_head_json":{"title":"Data Protection - Funlus Oy - Mainostoimisto - Kuopio","robots":{"index":"index","follow":"follow","max-snippet":"max-snippet:-1","max-image-preview":"max-image-preview:large","max-video-preview":"max-video-preview:-1"},"canonical":"https:\/\/www.funlus.fi\/en\/data-protection\/","og_locale":"en_US","og_type":"article","og_title":"Data Protection - Funlus Oy - Mainostoimisto - Kuopio","og_url":"https:\/\/www.funlus.fi\/en\/data-protection\/","og_site_name":"Funlus Oy - Mainostoimisto - Kuopio","article_modified_time":"2025-06-24T12:50:30+00:00","twitter_card":"summary_large_image","schema":{"@context":"https:\/\/schema.org","@graph":[{"@type":"WebPage","@id":"https:\/\/www.funlus.fi\/en\/data-protection\/","url":"https:\/\/www.funlus.fi\/en\/data-protection\/","name":"Data Protection - Funlus Oy - Mainostoimisto - Kuopio","isPartOf":{"@id":"https:\/\/www.funlus.fi\/en\/#website"},"datePublished":"2021-03-05T11:08:56+00:00","dateModified":"2025-06-24T12:50:30+00:00","breadcrumb":{"@id":"https:\/\/www.funlus.fi\/en\/data-protection\/#breadcrumb"},"inLanguage":"en-US","potentialAction":[{"@type":"ReadAction","target":["https:\/\/www.funlus.fi\/en\/data-protection\/"]}]},{"@type":"BreadcrumbList","@id":"https:\/\/www.funlus.fi\/en\/data-protection\/#breadcrumb","itemListElement":[{"@type":"ListItem","position":1,"name":"Etusivu","item":"https:\/\/www.funlus.fi\/en\/home-page\/"},{"@type":"ListItem","position":2,"name":"Data Protection"}]},{"@type":"WebSite","@id":"https:\/\/www.funlus.fi\/en\/#website","url":"https:\/\/www.funlus.fi\/en\/","name":"Funlus Oy - Mainostoimisto - Kuopio","description":"Autamme asiakkaitamme viestim\u00e4\u00e4n selke\u00e4mmin, kiinnostavammin ja tavoitteellisemmin erilaisissa ymp\u00e4rist\u00f6iss\u00e4.","potentialAction":[{"@type":"SearchAction","target":{"@type":"EntryPoint","urlTemplate":"https:\/\/www.funlus.fi\/en\/?s={search_term_string}"},"query-input":{"@type":"PropertyValueSpecification","valueRequired":true,"valueName":"search_term_string"}}],"inLanguage":"en-US"}]}},"_links":{"self":[{"href":"https:\/\/www.funlus.fi\/en\/wp-json\/wp\/v2\/pages\/4711","targetHints":{"allow":["GET"]}}],"collection":[{"href":"https:\/\/www.funlus.fi\/en\/wp-json\/wp\/v2\/pages"}],"about":[{"href":"https:\/\/www.funlus.fi\/en\/wp-json\/wp\/v2\/types\/page"}],"author":[{"embeddable":true,"href":"https:\/\/www.funlus.fi\/en\/wp-json\/wp\/v2\/users\/1"}],"replies":[{"embeddable":true,"href":"https:\/\/www.funlus.fi\/en\/wp-json\/wp\/v2\/comments?post=4711"}],"version-history":[{"count":10,"href":"https:\/\/www.funlus.fi\/en\/wp-json\/wp\/v2\/pages\/4711\/revisions"}],"predecessor-version":[{"id":5256,"href":"https:\/\/www.funlus.fi\/en\/wp-json\/wp\/v2\/pages\/4711\/revisions\/5256"}],"wp:attachment":[{"href":"https:\/\/www.funlus.fi\/en\/wp-json\/wp\/v2\/media?parent=4711"}],"curies":[{"name":"wp","href":"https:\/\/api.w.org\/{rel}","templated":true}]}}