{"id":4759,"date":"2024-06-03T09:57:16","date_gmt":"2024-06-03T07:57:16","guid":{"rendered":"https:\/\/www.funlus.fi\/online-services\/digital-services-act\/"},"modified":"2025-02-14T13:00:18","modified_gmt":"2025-02-14T11:00:18","slug":"digital-services-act","status":"publish","type":"page","link":"https:\/\/www.funlus.fi\/en\/online-services\/digital-services-act\/","title":{"rendered":"Digital Services Act"},"content":{"rendered":"<p><div class=\"fusion-fullwidth fullwidth-box fusion-builder-row-1 fusion-flex-container has-pattern-background has-mask-background nonhundred-percent-fullwidth non-hundred-percent-height-scrolling\" style=\"--awb-border-radius-top-left:0px;--awb-border-radius-top-right:0px;--awb-border-radius-bottom-right:0px;--awb-border-radius-bottom-left:0px;--awb-flex-wrap:wrap;\" ><div class=\"fusion-builder-row fusion-row fusion-flex-align-items-flex-start fusion-flex-content-wrap\" style=\"max-width:1248px;margin-left: calc(-4% \/ 2 );margin-right: calc(-4% \/ 2 );\"><div class=\"fusion-layout-column fusion_builder_column fusion-builder-column-0 fusion_builder_column_1_1 1_1 fusion-flex-column\" style=\"--awb-bg-size:cover;--awb-width-large:100%;--awb-margin-top-large:0px;--awb-spacing-right-large:1.92%;--awb-margin-bottom-large:20px;--awb-spacing-left-large:1.92%;--awb-width-medium:100%;--awb-order-medium:0;--awb-spacing-right-medium:1.92%;--awb-spacing-left-medium:1.92%;--awb-width-small:100%;--awb-order-small:0;--awb-spacing-right-small:1.92%;--awb-spacing-left-small:1.92%;\"><div class=\"fusion-column-wrapper fusion-column-has-shadow fusion-flex-justify-content-flex-start fusion-content-layout-column\"><div class=\"fusion-title title fusion-title-1 fusion-sep-none fusion-title-text fusion-title-size-one\" style=\"--awb-margin-top-small:10px;--awb-margin-right-small:0px;--awb-margin-bottom-small:10px;--awb-margin-left-small:0px;\"><h1 class=\"fusion-title-heading title-heading-left fusion-responsive-typography-calculated\" style=\"margin:0;--fontSize:54;line-height:1.16;\">Digital Services Act<\/h1><\/div><div class=\"fusion-text fusion-text-1\"><p>The Digital Services Act (DSA) is an EU <a href=\"https:\/\/commission.europa.eu\/strategy-and-policy\/priorities-2019-2024\/europe-fit-digital-age\/digital-services-act_fi\">regulation <\/a>that governs online intermediary services and platforms (e.g., marketplaces, social media platforms, app stores). The aim of the regulation is to promote the safety and accountability of digital services by preventing illegal and harmful activities online and combating the spread of disinformation. The regulation has been in effect since February 2024 and applies broadly to online platforms operating within the EU.<\/p>\n<\/div><div class=\"fusion-title title fusion-title-2 fusion-sep-none fusion-title-text fusion-title-size-two\" style=\"--awb-margin-top-small:10px;--awb-margin-right-small:0px;--awb-margin-bottom-small:10px;--awb-margin-left-small:0px;\"><h2 class=\"fusion-title-heading title-heading-left fusion-responsive-typography-calculated\" style=\"margin:0;--fontSize:38;line-height:1.2;\">Notice of illegal content<\/h2><\/div><div class=\"fusion-text fusion-text-2\"><p>If you come across content on our websites or the websites we host that you believe to be illegal, offensive, or against our rules, we kindly ask you to report it to us. This helps us maintain a safe and responsible online environment for all users.<\/p>\n<\/div><div class=\"fusion-title title fusion-title-3 fusion-sep-none fusion-title-text fusion-title-size-three\" style=\"--awb-margin-top-small:10px;--awb-margin-right-small:0px;--awb-margin-bottom-small:10px;--awb-margin-left-small:0px;\"><h3 class=\"fusion-title-heading title-heading-left fusion-responsive-typography-calculated\" style=\"margin:0;--fontSize:28;line-height:1.3;\">Reporting process<\/h3><\/div><div class=\"fusion-text fusion-text-3\"><p>You can submit a report by filling in the details in the form below. We will assess the content of the submitted report in accordance with Finnish legislation and our own regulations. All reports submitted through the form will be handled confidentially and will be processed as soon as possible, although a thorough review may take time. We will also always inform the person making the report about the actions we take.<\/p>\n<\/div><div class=\"fusion-title title fusion-title-4 fusion-sep-none fusion-title-text fusion-title-size-three\" style=\"--awb-margin-top-small:10px;--awb-margin-right-small:0px;--awb-margin-bottom-small:10px;--awb-margin-left-small:0px;\"><h3 class=\"fusion-title-heading title-heading-left fusion-responsive-typography-calculated\" style=\"margin:0;--fontSize:28;line-height:1.3;\">Appeal process<\/h3><\/div><div class=\"fusion-text fusion-text-4\"><p>If you are not satisfied with the handling of your report and believe that it has been processed incorrectly, you can file an appeal. To do so, send an email to [<a href=\"mailto:tuki@funlus.fi\">tuki@funlus.fi<\/a>]. In your message, describe the situation and provide an explanation of why you believe the handling was incorrect. Be sure to include your contact information (name + email) so that we can inform you of the outcome of the appeal process and any possible follow-up actions. Funlus is committed to complying with the EU Digital Services Act, and we aim to provide all parties with a fair and just reporting and appeals process. Thank you for helping us maintain a safe and responsible service!<\/p>\n<\/div><\/div><\/div><\/div><\/div><div class=\"fusion-fullwidth fullwidth-box fusion-builder-row-2 fusion-flex-container has-pattern-background has-mask-background nonhundred-percent-fullwidth non-hundred-percent-height-scrolling\" style=\"--awb-border-radius-top-left:0px;--awb-border-radius-top-right:0px;--awb-border-radius-bottom-right:0px;--awb-border-radius-bottom-left:0px;--awb-flex-wrap:wrap;\" ><div class=\"fusion-builder-row fusion-row fusion-flex-align-items-flex-start fusion-flex-content-wrap\" style=\"max-width:1248px;margin-left: calc(-4% \/ 2 );margin-right: calc(-4% \/ 2 );\"><div class=\"fusion-layout-column fusion_builder_column fusion-builder-column-1 fusion_builder_column_3_4 3_4 fusion-flex-column\" style=\"--awb-bg-size:cover;--awb-width-large:75%;--awb-margin-top-large:0px;--awb-spacing-right-large:2.56%;--awb-margin-bottom-large:20px;--awb-spacing-left-large:2.56%;--awb-width-medium:75%;--awb-order-medium:0;--awb-spacing-right-medium:2.56%;--awb-spacing-left-medium:2.56%;--awb-width-small:100%;--awb-order-small:0;--awb-spacing-right-small:1.92%;--awb-spacing-left-small:1.92%;\"><div class=\"fusion-column-wrapper fusion-column-has-shadow fusion-flex-justify-content-flex-start fusion-content-layout-column\"><div class=\"fusion-title title fusion-title-5 fusion-sep-none fusion-title-text fusion-title-size-two\" style=\"--awb-margin-top-small:10px;--awb-margin-right-small:0px;--awb-margin-bottom-small:10px;--awb-margin-left-small:0px;\"><h2 class=\"fusion-title-heading title-heading-left fusion-responsive-typography-calculated\" style=\"margin:0;--fontSize:38;line-height:1.2;\">Send a report via the form<\/h2><\/div><div id=\"quform-d3edd9\" class=\"quform quform-6 quform-support-page-caching\"><form id=\"quform-form-d3edd9\" class=\"quform-form quform-form-6\" action=\"\/en\/wp-json\/wp\/v2\/pages\/4759#quform-d3edd9\" method=\"post\" enctype=\"multipart\/form-data\" novalidate=\"novalidate\" data-options=\"{&quot;id&quot;:6,&quot;uniqueId&quot;:&quot;d3edd9&quot;,&quot;theme&quot;:&quot;&quot;,&quot;ajax&quot;:true,&quot;logic&quot;:{&quot;logic&quot;:[],&quot;dependents&quot;:[],&quot;elementIds&quot;:[],&quot;dependentElementIds&quot;:[],&quot;animate&quot;:true},&quot;currentPageId&quot;:1,&quot;errorsIcon&quot;:&quot;&quot;,&quot;updateFancybox&quot;:true,&quot;hasPages&quot;:false,&quot;pages&quot;:[1],&quot;pageProgressType&quot;:&quot;numbers&quot;,&quot;tooltipsEnabled&quot;:true,&quot;tooltipClasses&quot;:&quot;qtip-quform-dark qtip-shadow&quot;,&quot;tooltipMy&quot;:&quot;left center&quot;,&quot;tooltipAt&quot;:&quot;right center&quot;,&quot;isRtl&quot;:false,&quot;scrollOffset&quot;:-50,&quot;scrollSpeed&quot;:800}\"><button class=\"quform-default-submit\" name=\"quform_submit\" type=\"submit\" value=\"submit\" aria-hidden=\"true\" tabindex=\"-1\"><\/button><div class=\"quform-form-inner quform-form-inner-6\"><input type=\"hidden\" name=\"quform_form_id\" value=\"6\" \/><input type=\"hidden\" name=\"quform_form_uid\" value=\"d3edd9\" \/><input type=\"hidden\" name=\"quform_count\" value=\"1\" \/><input type=\"hidden\" name=\"form_url\" value=\"https:\/\/www.funlus.fi\/en\/wp-json\/wp\/v2\/pages\/4759\" \/><input type=\"hidden\" name=\"referring_url\" value=\"\" \/><input type=\"hidden\" name=\"post_id\" value=\"\" \/><input type=\"hidden\" name=\"post_title\" value=\"\" \/><input type=\"hidden\" name=\"quform_current_page_id\" value=\"1\" \/><input type=\"hidden\" name=\"quform_csrf_token\" value=\"05gcyNQaO12I7cddnm0nKkC55NljqbhWqKldR2Q0\" \/><div class=\"quform-elements quform-elements-6 quform-cf quform-responsive-elements-phone-landscape\"><div class=\"quform-element quform-element-page quform-page-1 quform-page-6_1 quform-cf quform-group-style-plain quform-first-page quform-last-page quform-current-page\"><div class=\"quform-child-elements\"><div class=\"quform-element quform-element-text quform-element-6_5 quform-cf quform-element-required\"><div class=\"quform-spacer\"><div class=\"quform-label quform-label-6_5\"><label class=\"quform-label-text\" for=\"quform_6_5_d3edd9\">Name<span class=\"quform-required\">*<\/span><\/label><\/div><div class=\"quform-inner quform-inner-text quform-inner-6_5\"><p class=\"quform-description quform-description-above\">Enter your first and last name to the field<\/p><div class=\"quform-input quform-input-text quform-input-6_5 quform-cf\"><input type=\"text\" id=\"quform_6_5_d3edd9\" name=\"quform_6_5\" class=\"quform-field quform-field-text quform-field-6_5\" \/><\/div><\/div><\/div><\/div><div class=\"quform-element quform-element-email quform-element-6_3 quform-cf quform-element-required\"><div class=\"quform-spacer\"><div class=\"quform-label quform-label-6_3\"><label class=\"quform-label-text\" for=\"quform_6_3_d3edd9\">Email address<br><span class=\"quform-required\">*<\/span><\/label><\/div><div class=\"quform-inner quform-inner-email quform-inner-6_3\"><p class=\"quform-description quform-description-above\">Provide an email address in the format example@mail.com<\/p><div class=\"quform-input quform-input-email quform-input-6_3 quform-cf\"><input type=\"email\" id=\"quform_6_3_d3edd9\" name=\"quform_6_3\" class=\"quform-field quform-field-email quform-field-6_3\" \/><\/div><\/div><\/div><\/div><div class=\"quform-element quform-element-text quform-element-6_7 quform-cf quform-element-required\"><div class=\"quform-spacer\"><div class=\"quform-label quform-label-6_7\"><label class=\"quform-label-text\" for=\"quform_6_7_d3edd9\">The URL address of the page you provided<span class=\"quform-required\">*<\/span><\/label><\/div><div class=\"quform-inner quform-inner-text quform-inner-6_7\"><p class=\"quform-description quform-description-above\">Enter the URL in the format https:\/\/www.examplepage.fi<\/p><div class=\"quform-input quform-input-text quform-input-6_7 quform-cf\"><input type=\"text\" id=\"quform_6_7_d3edd9\" name=\"quform_6_7\" class=\"quform-field quform-field-text quform-field-6_7\" \/><\/div><\/div><\/div><\/div><div class=\"quform-element quform-element-textarea quform-element-6_4 quform-cf quform-element-optional\"><div class=\"quform-spacer\"><div class=\"quform-label quform-label-6_4\"><label class=\"quform-label-text\" for=\"quform_6_4_d3edd9\">Information<\/label><\/div><div class=\"quform-inner quform-inner-textarea quform-inner-6_4\"><p class=\"quform-description quform-description-above\">Write here what content you are reporting on the website. Also, provide a clear justification for why you believe the reported content is illegal or inappropriate. <\/p><div class=\"quform-input quform-input-textarea quform-input-6_4 quform-cf\"><textarea id=\"quform_6_4_d3edd9\" name=\"quform_6_4\" class=\"quform-field quform-field-textarea quform-field-6_4\"><\/textarea><\/div><\/div><\/div><\/div><div class=\"quform-element quform-element-file quform-element-6_8 quform-cf quform-element-optional\"><div class=\"quform-spacer\"><div class=\"quform-label quform-label-6_8\"><label class=\"quform-label-text\" for=\"quform_6_8_d3edd9\">Upload File<\/label><\/div><div class=\"quform-inner quform-inner-file quform-inner-6_8\"><p class=\"quform-description quform-description-above\">Here, you can upload a screenshot of the content if you wish. This can help us in the evaluation process. The file can be in jpg, jpeg, png, or gif format and must not exceed 10MB in size. You can upload up to two files.   <\/p><div class=\"quform-input quform-input-file quform-input-6_8 quform-cf quform-button-style-theme\"><input type=\"file\" id=\"quform_6_8_d3edd9\" name=\"quform_6_8[]\" class=\"quform-field quform-field-file quform-field-6_8 quform-field-file-enhanced\" multiple data-config=\"{&quot;id&quot;:8,&quot;identifier&quot;:&quot;6_8&quot;,&quot;name&quot;:&quot;quform_6_8&quot;,&quot;max&quot;:2,&quot;size&quot;:10485760,&quot;allowedExtensions&quot;:[&quot;jpg&quot;,&quot;jpeg&quot;,&quot;png&quot;,&quot;gif&quot;],&quot;notAllowedTypeWithFilename&quot;:&quot;File type of &#039;%filename%&#039; is not allowed&quot;,&quot;tooBigWithFilename&quot;:&quot;File &#039;%filename%&#039; exceeds the maximum allowed file size&quot;,&quot;tooMany&quot;:&quot;You cannot upload more than %max% file(s)&quot;,&quot;buttonType&quot;:&quot;button&quot;,&quot;buttonText&quot;:&quot;Browse...&quot;,&quot;buttonIcon&quot;:&quot;qicon-file_upload&quot;,&quot;buttonIconPosition&quot;:&quot;right&quot;}\" \/><\/div><\/div><\/div><\/div><div class=\"quform-element quform-element-submit quform-element-6_2 quform-cf quform-button-style-theme\"><div class=\"quform-button-submit quform-button-submit-default quform-button-submit-6_2\"><button name=\"quform_submit\" type=\"submit\" class=\"quform-submit\" value=\"submit\"><span class=\"quform-button-text quform-button-submit-text\">Send<\/span><\/button><\/div><div class=\"quform-loading quform-loading-position-left quform-loading-type-spinner-1\"><div class=\"quform-loading-inner\"><div class=\"quform-loading-spinner\"><div class=\"quform-loading-spinner-inner\"><\/div><\/div><\/div><\/div><\/div><div class=\"quform-element-tree\"><label for=\"quform_6_0_d3edd9\">This field should be left blank<\/label><input type=\"text\" id=\"quform_6_0_d3edd9\" name=\"quform_6_0\" class=\"quform-field quform-field-tree quform-field-6_0\" tabindex=\"-1\" autocomplete=\"off\" \/><\/div><\/div><\/div><\/div><div class=\"quform-upload-progress-wrap\"><div class=\"quform-upload-progress-bar-wrap\"><div class=\"quform-upload-progress-bar\"><\/div><\/div><div class=\"quform-upload-info quform-cf\"><div class=\"quform-upload-filename\"><\/div><\/div><\/div><\/div><\/form><\/div><\/div><\/div><\/div><\/div><\/p>\n","protected":false},"excerpt":{"rendered":"","protected":false},"author":7,"featured_media":0,"parent":4681,"menu_order":0,"comment_status":"closed","ping_status":"closed","template":"","meta":{"_acf_changed":false,"footnotes":""},"class_list":["post-4759","page","type-page","status-publish","hentry"],"acf":[],"yoast_head":"<!-- This site is optimized with the Yoast SEO plugin v27.5 - https:\/\/yoast.com\/product\/yoast-seo-wordpress\/ -->\n<title>Digital Services Act - Funlus Oy - Mainostoimisto - Kuopio<\/title>\n<meta name=\"robots\" content=\"index, follow, max-snippet:-1, max-image-preview:large, max-video-preview:-1\" \/>\n<link rel=\"canonical\" href=\"https:\/\/www.funlus.fi\/en\/online-services\/digital-services-act\/\" \/>\n<meta property=\"og:locale\" content=\"en_US\" \/>\n<meta property=\"og:type\" content=\"article\" \/>\n<meta property=\"og:title\" content=\"Digital Services Act - Funlus Oy - Mainostoimisto - Kuopio\" \/>\n<meta property=\"og:url\" content=\"https:\/\/www.funlus.fi\/en\/online-services\/digital-services-act\/\" \/>\n<meta property=\"og:site_name\" content=\"Funlus Oy - Mainostoimisto - Kuopio\" \/>\n<meta property=\"article:modified_time\" content=\"2025-02-14T11:00:18+00:00\" \/>\n<meta name=\"twitter:card\" content=\"summary_large_image\" \/>\n<script type=\"application\/ld+json\" class=\"yoast-schema-graph\">{\"@context\":\"https:\\\/\\\/schema.org\",\"@graph\":[{\"@type\":\"WebPage\",\"@id\":\"https:\\\/\\\/www.funlus.fi\\\/en\\\/online-services\\\/digital-services-act\\\/\",\"url\":\"https:\\\/\\\/www.funlus.fi\\\/en\\\/online-services\\\/digital-services-act\\\/\",\"name\":\"Digital Services Act - Funlus Oy - Mainostoimisto - Kuopio\",\"isPartOf\":{\"@id\":\"https:\\\/\\\/www.funlus.fi\\\/en\\\/#website\"},\"datePublished\":\"2024-06-03T07:57:16+00:00\",\"dateModified\":\"2025-02-14T11:00:18+00:00\",\"breadcrumb\":{\"@id\":\"https:\\\/\\\/www.funlus.fi\\\/en\\\/online-services\\\/digital-services-act\\\/#breadcrumb\"},\"inLanguage\":\"en-US\",\"potentialAction\":[{\"@type\":\"ReadAction\",\"target\":[\"https:\\\/\\\/www.funlus.fi\\\/en\\\/online-services\\\/digital-services-act\\\/\"]}]},{\"@type\":\"BreadcrumbList\",\"@id\":\"https:\\\/\\\/www.funlus.fi\\\/en\\\/online-services\\\/digital-services-act\\\/#breadcrumb\",\"itemListElement\":[{\"@type\":\"ListItem\",\"position\":1,\"name\":\"Etusivu\",\"item\":\"https:\\\/\\\/www.funlus.fi\\\/en\\\/home-page\\\/\"},{\"@type\":\"ListItem\",\"position\":2,\"name\":\"Online Services\",\"item\":\"https:\\\/\\\/www.funlus.fi\\\/en\\\/online-services\\\/\"},{\"@type\":\"ListItem\",\"position\":3,\"name\":\"Digital Services Act\"}]},{\"@type\":\"WebSite\",\"@id\":\"https:\\\/\\\/www.funlus.fi\\\/en\\\/#website\",\"url\":\"https:\\\/\\\/www.funlus.fi\\\/en\\\/\",\"name\":\"Funlus Oy - Mainostoimisto - Kuopio\",\"description\":\"Autamme asiakkaitamme viestim\u00e4\u00e4n selke\u00e4mmin, kiinnostavammin ja tavoitteellisemmin erilaisissa ymp\u00e4rist\u00f6iss\u00e4.\",\"potentialAction\":[{\"@type\":\"SearchAction\",\"target\":{\"@type\":\"EntryPoint\",\"urlTemplate\":\"https:\\\/\\\/www.funlus.fi\\\/en\\\/?s={search_term_string}\"},\"query-input\":{\"@type\":\"PropertyValueSpecification\",\"valueRequired\":true,\"valueName\":\"search_term_string\"}}],\"inLanguage\":\"en-US\"}]}<\/script>\n<!-- \/ Yoast SEO plugin. -->","yoast_head_json":{"title":"Digital Services Act - Funlus Oy - Mainostoimisto - Kuopio","robots":{"index":"index","follow":"follow","max-snippet":"max-snippet:-1","max-image-preview":"max-image-preview:large","max-video-preview":"max-video-preview:-1"},"canonical":"https:\/\/www.funlus.fi\/en\/online-services\/digital-services-act\/","og_locale":"en_US","og_type":"article","og_title":"Digital Services Act - Funlus Oy - Mainostoimisto - Kuopio","og_url":"https:\/\/www.funlus.fi\/en\/online-services\/digital-services-act\/","og_site_name":"Funlus Oy - Mainostoimisto - Kuopio","article_modified_time":"2025-02-14T11:00:18+00:00","twitter_card":"summary_large_image","schema":{"@context":"https:\/\/schema.org","@graph":[{"@type":"WebPage","@id":"https:\/\/www.funlus.fi\/en\/online-services\/digital-services-act\/","url":"https:\/\/www.funlus.fi\/en\/online-services\/digital-services-act\/","name":"Digital Services Act - Funlus Oy - Mainostoimisto - Kuopio","isPartOf":{"@id":"https:\/\/www.funlus.fi\/en\/#website"},"datePublished":"2024-06-03T07:57:16+00:00","dateModified":"2025-02-14T11:00:18+00:00","breadcrumb":{"@id":"https:\/\/www.funlus.fi\/en\/online-services\/digital-services-act\/#breadcrumb"},"inLanguage":"en-US","potentialAction":[{"@type":"ReadAction","target":["https:\/\/www.funlus.fi\/en\/online-services\/digital-services-act\/"]}]},{"@type":"BreadcrumbList","@id":"https:\/\/www.funlus.fi\/en\/online-services\/digital-services-act\/#breadcrumb","itemListElement":[{"@type":"ListItem","position":1,"name":"Etusivu","item":"https:\/\/www.funlus.fi\/en\/home-page\/"},{"@type":"ListItem","position":2,"name":"Online Services","item":"https:\/\/www.funlus.fi\/en\/online-services\/"},{"@type":"ListItem","position":3,"name":"Digital Services Act"}]},{"@type":"WebSite","@id":"https:\/\/www.funlus.fi\/en\/#website","url":"https:\/\/www.funlus.fi\/en\/","name":"Funlus Oy - Mainostoimisto - Kuopio","description":"Autamme asiakkaitamme viestim\u00e4\u00e4n selke\u00e4mmin, kiinnostavammin ja tavoitteellisemmin erilaisissa ymp\u00e4rist\u00f6iss\u00e4.","potentialAction":[{"@type":"SearchAction","target":{"@type":"EntryPoint","urlTemplate":"https:\/\/www.funlus.fi\/en\/?s={search_term_string}"},"query-input":{"@type":"PropertyValueSpecification","valueRequired":true,"valueName":"search_term_string"}}],"inLanguage":"en-US"}]}},"_links":{"self":[{"href":"https:\/\/www.funlus.fi\/en\/wp-json\/wp\/v2\/pages\/4759","targetHints":{"allow":["GET"]}}],"collection":[{"href":"https:\/\/www.funlus.fi\/en\/wp-json\/wp\/v2\/pages"}],"about":[{"href":"https:\/\/www.funlus.fi\/en\/wp-json\/wp\/v2\/types\/page"}],"author":[{"embeddable":true,"href":"https:\/\/www.funlus.fi\/en\/wp-json\/wp\/v2\/users\/7"}],"replies":[{"embeddable":true,"href":"https:\/\/www.funlus.fi\/en\/wp-json\/wp\/v2\/comments?post=4759"}],"version-history":[{"count":2,"href":"https:\/\/www.funlus.fi\/en\/wp-json\/wp\/v2\/pages\/4759\/revisions"}],"predecessor-version":[{"id":4761,"href":"https:\/\/www.funlus.fi\/en\/wp-json\/wp\/v2\/pages\/4759\/revisions\/4761"}],"up":[{"embeddable":true,"href":"https:\/\/www.funlus.fi\/en\/wp-json\/wp\/v2\/pages\/4681"}],"wp:attachment":[{"href":"https:\/\/www.funlus.fi\/en\/wp-json\/wp\/v2\/media?parent=4759"}],"curies":[{"name":"wp","href":"https:\/\/api.w.org\/{rel}","templated":true}]}}