{"id":4781,"date":"2021-10-05T18:07:42","date_gmt":"2021-10-05T16:07:42","guid":{"rendered":"https:\/\/www.funlus.fi\/service-packages\/"},"modified":"2025-02-18T11:51:04","modified_gmt":"2025-02-18T09:51:04","slug":"service-packages","status":"publish","type":"page","link":"https:\/\/www.funlus.fi\/en\/service-packages\/","title":{"rendered":"Service Packages"},"content":{"rendered":"<div class=\"fusion-fullwidth fullwidth-box fusion-builder-row-1 fusion-flex-container nonhundred-percent-fullwidth non-hundred-percent-height-scrolling\" style=\"--awb-border-radius-top-left:0px;--awb-border-radius-top-right:0px;--awb-border-radius-bottom-right:0px;--awb-border-radius-bottom-left:0px;--awb-flex-wrap:wrap;\" ><div class=\"fusion-builder-row fusion-row fusion-flex-align-items-flex-start fusion-flex-content-wrap\" style=\"max-width:1248px;margin-left: calc(-4% \/ 2 );margin-right: calc(-4% \/ 2 );\"><div class=\"fusion-layout-column fusion_builder_column fusion-builder-column-0 fusion_builder_column_1_1 1_1 fusion-flex-column\" style=\"--awb-bg-size:cover;--awb-width-large:100%;--awb-margin-top-large:0px;--awb-spacing-right-large:1.92%;--awb-margin-bottom-large:20px;--awb-spacing-left-large:1.92%;--awb-width-medium:100%;--awb-order-medium:0;--awb-spacing-right-medium:1.92%;--awb-spacing-left-medium:1.92%;--awb-width-small:100%;--awb-order-small:0;--awb-spacing-right-small:1.92%;--awb-spacing-left-small:1.92%;\"><div class=\"fusion-column-wrapper fusion-column-has-shadow fusion-flex-justify-content-flex-start fusion-content-layout-column\"><div class=\"fusion-text fusion-text-1\"><h1>Service Packages<\/h1>\n<\/div><div class=\"fusion-text fusion-text-2\"><p>From our online store, you can order our services and download free design templates.<\/p>\n<\/div><div class=\"woocommerce columns-4\"><ul class=\"products clearfix products-4\">\n<li class=\"product-category product first product-grid-view\">\n\t<div class=\"fusion-product-wrapper\">\n<a aria-label=\"Visit product category Asiantuntijapalvelut\" href=\"https:\/\/www.funlus.fi\/en\/tuote-osasto\/asiantuntijapalvelut\/\"><img decoding=\"async\" src=\"https:\/\/www.funlus.fi\/wp-content\/uploads\/woocommerce-placeholder-500x500.png\" alt=\"Asiantuntijapalvelut\" width=\"500\" height=\"\" \/>\t\t<h2 class=\"woocommerce-loop-category__title\">\n\t\t\tAsiantuntijapalvelut <mark class=\"count\">(3)<\/mark>\t\t<\/h2>\n\t\t<\/a><\/div>\n<\/li>\n<li class=\"product-category product product-grid-view\">\n\t<div class=\"fusion-product-wrapper\">\n<a aria-label=\"Visit product category Brand Identity\" href=\"https:\/\/www.funlus.fi\/en\/tuote-osasto\/brand-identity\/\"><img decoding=\"async\" src=\"https:\/\/www.funlus.fi\/wp-content\/uploads\/woocommerce-placeholder-500x500.png\" alt=\"Brand Identity\" width=\"500\" height=\"\" \/>\t\t<h2 class=\"woocommerce-loop-category__title\">\n\t\t\tBrand Identity <mark class=\"count\">(3)<\/mark>\t\t<\/h2>\n\t\t<\/a><\/div>\n<\/li>\n<li class=\"product-category product product-grid-view\">\n\t<div class=\"fusion-product-wrapper\">\n<a aria-label=\"Visit product category E-commerce\" href=\"https:\/\/www.funlus.fi\/en\/tuote-osasto\/e-commerce\/\"><img decoding=\"async\" src=\"https:\/\/www.funlus.fi\/wp-content\/uploads\/woocommerce-placeholder-500x500.png\" alt=\"E-commerce\" width=\"500\" height=\"\" \/>\t\t<h2 class=\"woocommerce-loop-category__title\">\n\t\t\tE-commerce <mark class=\"count\">(3)<\/mark>\t\t<\/h2>\n\t\t<\/a><\/div>\n<\/li>\n<li class=\"product-category product last product-grid-view\">\n\t<div class=\"fusion-product-wrapper\">\n<a aria-label=\"Visit product category Facebook\" href=\"https:\/\/www.funlus.fi\/en\/tuote-osasto\/facebook-en\/\"><img decoding=\"async\" src=\"https:\/\/www.funlus.fi\/wp-content\/uploads\/woocommerce-placeholder-500x500.png\" alt=\"Facebook\" width=\"500\" height=\"\" \/>\t\t<h2 class=\"woocommerce-loop-category__title\">\n\t\t\tFacebook <mark class=\"count\">(3)<\/mark>\t\t<\/h2>\n\t\t<\/a><\/div>\n<\/li>\n<li class=\"product-category product first product-grid-view\">\n\t<div class=\"fusion-product-wrapper\">\n<a aria-label=\"Visit product category Free products\" href=\"https:\/\/www.funlus.fi\/en\/tuote-osasto\/free-products\/\"><img decoding=\"async\" src=\"https:\/\/www.funlus.fi\/wp-content\/uploads\/woocommerce-placeholder-500x500.png\" alt=\"Free products\" width=\"500\" height=\"\" \/>\t\t<h2 class=\"woocommerce-loop-category__title\">\n\t\t\tFree products <mark class=\"count\">(3)<\/mark>\t\t<\/h2>\n\t\t<\/a><\/div>\n<\/li>\n<li class=\"product-category product product-grid-view\">\n\t<div class=\"fusion-product-wrapper\">\n<a aria-label=\"Visit product category Google Ads\" href=\"https:\/\/www.funlus.fi\/en\/tuote-osasto\/google-ads\/\"><img decoding=\"async\" src=\"https:\/\/www.funlus.fi\/wp-content\/uploads\/woocommerce-placeholder-500x500.png\" alt=\"Google Ads\" width=\"500\" height=\"\" \/>\t\t<h2 class=\"woocommerce-loop-category__title\">\n\t\t\tGoogle Ads <mark class=\"count\">(3)<\/mark>\t\t<\/h2>\n\t\t<\/a><\/div>\n<\/li>\n<li class=\"product-category product product-grid-view\">\n\t<div class=\"fusion-product-wrapper\">\n<a aria-label=\"Visit product category IT support services\" href=\"https:\/\/www.funlus.fi\/en\/tuote-osasto\/it-support-services\/\"><img decoding=\"async\" src=\"https:\/\/www.funlus.fi\/wp-content\/uploads\/woocommerce-placeholder-500x500.png\" alt=\"IT support services\" width=\"500\" height=\"\" \/>\t\t<h2 class=\"woocommerce-loop-category__title\">\n\t\t\tIT support services <mark class=\"count\">(3)<\/mark>\t\t<\/h2>\n\t\t<\/a><\/div>\n<\/li>\n<li class=\"product-category product last product-grid-view\">\n\t<div class=\"fusion-product-wrapper\">\n<a aria-label=\"Visit product category Konsulttipalvelut\" href=\"https:\/\/www.funlus.fi\/en\/tuote-osasto\/konsulttipalvelut\/\"><img decoding=\"async\" src=\"https:\/\/www.funlus.fi\/wp-content\/uploads\/woocommerce-placeholder-500x500.png\" alt=\"Konsulttipalvelut\" width=\"500\" height=\"\" \/>\t\t<h2 class=\"woocommerce-loop-category__title\">\n\t\t\tKonsulttipalvelut <mark class=\"count\">(3)<\/mark>\t\t<\/h2>\n\t\t<\/a><\/div>\n<\/li>\n<li class=\"product-category product first product-grid-view\">\n\t<div class=\"fusion-product-wrapper\">\n<a aria-label=\"Visit product category Training Services\" href=\"https:\/\/www.funlus.fi\/en\/tuote-osasto\/training-services\/\"><img decoding=\"async\" src=\"https:\/\/www.funlus.fi\/wp-content\/uploads\/woocommerce-placeholder-500x500.png\" alt=\"Training Services\" width=\"500\" height=\"\" \/>\t\t<h2 class=\"woocommerce-loop-category__title\">\n\t\t\tTraining Services <mark class=\"count\">(3)<\/mark>\t\t<\/h2>\n\t\t<\/a><\/div>\n<\/li>\n<li class=\"product-category product product-grid-view\">\n\t<div class=\"fusion-product-wrapper\">\n<a aria-label=\"Visit product category Uncategorized @fi\" href=\"https:\/\/www.funlus.fi\/en\/tuote-osasto\/uncategorized-fi\/\"><img decoding=\"async\" src=\"https:\/\/www.funlus.fi\/wp-content\/uploads\/woocommerce-placeholder-500x500.png\" alt=\"Uncategorized @fi\" width=\"500\" height=\"\" \/>\t\t<h2 class=\"woocommerce-loop-category__title\">\n\t\t\tUncategorized @fi <mark class=\"count\">(2)<\/mark>\t\t<\/h2>\n\t\t<\/a><\/div>\n<\/li>\n<li class=\"product-category product product-grid-view\">\n\t<div class=\"fusion-product-wrapper\">\n<a aria-label=\"Visit product category Website\" href=\"https:\/\/www.funlus.fi\/en\/tuote-osasto\/website\/\"><img decoding=\"async\" src=\"https:\/\/www.funlus.fi\/wp-content\/uploads\/woocommerce-placeholder-500x500.png\" alt=\"Website\" width=\"500\" height=\"\" \/>\t\t<h2 class=\"woocommerce-loop-category__title\">\n\t\t\tWebsite <mark class=\"count\">(3)<\/mark>\t\t<\/h2>\n\t\t<\/a><\/div>\n<\/li>\n<\/ul>\n<\/div><\/div><\/div><\/div><\/div>\n","protected":false},"excerpt":{"rendered":"","protected":false},"author":1,"featured_media":0,"parent":0,"menu_order":0,"comment_status":"closed","ping_status":"closed","template":"","meta":{"_acf_changed":false,"footnotes":""},"class_list":["post-4781","page","type-page","status-publish","hentry"],"acf":[],"yoast_head":"<!-- This site is optimized with the Yoast SEO plugin v27.5 - https:\/\/yoast.com\/product\/yoast-seo-wordpress\/ -->\n<title>Service Packages - Funlus Oy - Mainostoimisto - Kuopio<\/title>\n<meta name=\"robots\" content=\"index, follow, max-snippet:-1, max-image-preview:large, max-video-preview:-1\" \/>\n<link rel=\"canonical\" href=\"https:\/\/www.funlus.fi\/en\/service-packages\/\" \/>\n<meta property=\"og:locale\" content=\"en_US\" \/>\n<meta property=\"og:type\" content=\"article\" \/>\n<meta property=\"og:title\" content=\"Service Packages - Funlus Oy - Mainostoimisto - Kuopio\" \/>\n<meta property=\"og:url\" content=\"https:\/\/www.funlus.fi\/en\/service-packages\/\" \/>\n<meta property=\"og:site_name\" content=\"Funlus Oy - Mainostoimisto - Kuopio\" \/>\n<meta property=\"article:modified_time\" content=\"2025-02-18T09:51:04+00:00\" \/>\n<meta name=\"twitter:card\" content=\"summary_large_image\" \/>\n<script type=\"application\/ld+json\" class=\"yoast-schema-graph\">{\"@context\":\"https:\\\/\\\/schema.org\",\"@graph\":[{\"@type\":\"WebPage\",\"@id\":\"https:\\\/\\\/www.funlus.fi\\\/en\\\/service-packages\\\/\",\"url\":\"https:\\\/\\\/www.funlus.fi\\\/en\\\/service-packages\\\/\",\"name\":\"Service Packages - Funlus Oy - Mainostoimisto - Kuopio\",\"isPartOf\":{\"@id\":\"https:\\\/\\\/www.funlus.fi\\\/en\\\/#website\"},\"datePublished\":\"2021-10-05T16:07:42+00:00\",\"dateModified\":\"2025-02-18T09:51:04+00:00\",\"breadcrumb\":{\"@id\":\"https:\\\/\\\/www.funlus.fi\\\/en\\\/service-packages\\\/#breadcrumb\"},\"inLanguage\":\"en-US\",\"potentialAction\":[{\"@type\":\"ReadAction\",\"target\":[\"https:\\\/\\\/www.funlus.fi\\\/en\\\/service-packages\\\/\"]}]},{\"@type\":\"BreadcrumbList\",\"@id\":\"https:\\\/\\\/www.funlus.fi\\\/en\\\/service-packages\\\/#breadcrumb\",\"itemListElement\":[{\"@type\":\"ListItem\",\"position\":1,\"name\":\"Etusivu\",\"item\":\"https:\\\/\\\/www.funlus.fi\\\/en\\\/home-page\\\/\"},{\"@type\":\"ListItem\",\"position\":2,\"name\":\"Service Packages\"}]},{\"@type\":\"WebSite\",\"@id\":\"https:\\\/\\\/www.funlus.fi\\\/en\\\/#website\",\"url\":\"https:\\\/\\\/www.funlus.fi\\\/en\\\/\",\"name\":\"Funlus Oy - Mainostoimisto - Kuopio\",\"description\":\"Autamme asiakkaitamme viestim\u00e4\u00e4n selke\u00e4mmin, kiinnostavammin ja tavoitteellisemmin erilaisissa ymp\u00e4rist\u00f6iss\u00e4.\",\"potentialAction\":[{\"@type\":\"SearchAction\",\"target\":{\"@type\":\"EntryPoint\",\"urlTemplate\":\"https:\\\/\\\/www.funlus.fi\\\/en\\\/?s={search_term_string}\"},\"query-input\":{\"@type\":\"PropertyValueSpecification\",\"valueRequired\":true,\"valueName\":\"search_term_string\"}}],\"inLanguage\":\"en-US\"}]}<\/script>\n<!-- \/ Yoast SEO plugin. -->","yoast_head_json":{"title":"Service Packages - Funlus Oy - Mainostoimisto - Kuopio","robots":{"index":"index","follow":"follow","max-snippet":"max-snippet:-1","max-image-preview":"max-image-preview:large","max-video-preview":"max-video-preview:-1"},"canonical":"https:\/\/www.funlus.fi\/en\/service-packages\/","og_locale":"en_US","og_type":"article","og_title":"Service Packages - Funlus Oy - Mainostoimisto - Kuopio","og_url":"https:\/\/www.funlus.fi\/en\/service-packages\/","og_site_name":"Funlus Oy - Mainostoimisto - Kuopio","article_modified_time":"2025-02-18T09:51:04+00:00","twitter_card":"summary_large_image","schema":{"@context":"https:\/\/schema.org","@graph":[{"@type":"WebPage","@id":"https:\/\/www.funlus.fi\/en\/service-packages\/","url":"https:\/\/www.funlus.fi\/en\/service-packages\/","name":"Service Packages - Funlus Oy - Mainostoimisto - Kuopio","isPartOf":{"@id":"https:\/\/www.funlus.fi\/en\/#website"},"datePublished":"2021-10-05T16:07:42+00:00","dateModified":"2025-02-18T09:51:04+00:00","breadcrumb":{"@id":"https:\/\/www.funlus.fi\/en\/service-packages\/#breadcrumb"},"inLanguage":"en-US","potentialAction":[{"@type":"ReadAction","target":["https:\/\/www.funlus.fi\/en\/service-packages\/"]}]},{"@type":"BreadcrumbList","@id":"https:\/\/www.funlus.fi\/en\/service-packages\/#breadcrumb","itemListElement":[{"@type":"ListItem","position":1,"name":"Etusivu","item":"https:\/\/www.funlus.fi\/en\/home-page\/"},{"@type":"ListItem","position":2,"name":"Service Packages"}]},{"@type":"WebSite","@id":"https:\/\/www.funlus.fi\/en\/#website","url":"https:\/\/www.funlus.fi\/en\/","name":"Funlus Oy - Mainostoimisto - Kuopio","description":"Autamme asiakkaitamme viestim\u00e4\u00e4n selke\u00e4mmin, kiinnostavammin ja tavoitteellisemmin erilaisissa ymp\u00e4rist\u00f6iss\u00e4.","potentialAction":[{"@type":"SearchAction","target":{"@type":"EntryPoint","urlTemplate":"https:\/\/www.funlus.fi\/en\/?s={search_term_string}"},"query-input":{"@type":"PropertyValueSpecification","valueRequired":true,"valueName":"search_term_string"}}],"inLanguage":"en-US"}]}},"_links":{"self":[{"href":"https:\/\/www.funlus.fi\/en\/wp-json\/wp\/v2\/pages\/4781","targetHints":{"allow":["GET"]}}],"collection":[{"href":"https:\/\/www.funlus.fi\/en\/wp-json\/wp\/v2\/pages"}],"about":[{"href":"https:\/\/www.funlus.fi\/en\/wp-json\/wp\/v2\/types\/page"}],"author":[{"embeddable":true,"href":"https:\/\/www.funlus.fi\/en\/wp-json\/wp\/v2\/users\/1"}],"replies":[{"embeddable":true,"href":"https:\/\/www.funlus.fi\/en\/wp-json\/wp\/v2\/comments?post=4781"}],"version-history":[{"count":2,"href":"https:\/\/www.funlus.fi\/en\/wp-json\/wp\/v2\/pages\/4781\/revisions"}],"predecessor-version":[{"id":4783,"href":"https:\/\/www.funlus.fi\/en\/wp-json\/wp\/v2\/pages\/4781\/revisions\/4783"}],"wp:attachment":[{"href":"https:\/\/www.funlus.fi\/en\/wp-json\/wp\/v2\/media?parent=4781"}],"curies":[{"name":"wp","href":"https:\/\/api.w.org\/{rel}","templated":true}]}}