{"id":4671,"date":"2021-09-17T19:27:53","date_gmt":"2021-09-17T17:27:53","guid":{"rendered":"https:\/\/www.funlus.fi\/tuote\/brand-identity-package-full-house\/"},"modified":"2025-02-14T13:31:23","modified_gmt":"2025-02-14T11:31:23","slug":"brand-identity-package-full-house","status":"publish","type":"product","link":"https:\/\/www.funlus.fi\/en\/tuote\/brand-identity-package-full-house\/","title":{"rendered":"Brand Identity Package \u2013 Full House"},"content":{"rendered":"","protected":false},"excerpt":{"rendered":"<p>The package includes:<\/p>\n<ul>\n<li>A unique, timeless, and distinctive logo designed and hand-drawn in Finland specifically for your company. (you will receive the logo in jpg, png, svg, and pdf formats, as well as in sizes optimized for social media)<\/li>\n<li>Business cards designed for your company, featuring your logo and business details (150 pcs, 90mm x 50mm size, 300g paper)<\/li>\n<li>Brand color specifications and a brief guide for using stock images<\/li>\n<li>Typographic specifications and guidelines for font usage<\/li>\n<li>PowerPoint templates with your company&#8217;s color scheme (5-slide template)<\/li>\n<li>A5 brochures designed with your brand&#8217;s visual style (160g matte paper, 150 pcs)<\/li>\n<li>5 vector graphics illustrations hand-drawn by our graphic designer for your company&#8217;s marketing use<\/li>\n<li>5 stock images that align with your company&#8217;s brand<\/li>\n<li>Total working time: 20 hours<\/li>\n<\/ul>\n","protected":false},"featured_media":4196,"template":"","meta":{"_acf_changed":false},"product_brand":[],"product_cat":[215],"product_tag":[],"class_list":{"0":"post-4671","1":"product","2":"type-product","3":"status-publish","4":"has-post-thumbnail","6":"product_cat-brand-identity","8":"first","9":"instock","10":"virtual","11":"taxable","12":"purchasable","13":"product-type-simple"},"acf":[],"yoast_head":"<!-- This site is optimized with the Yoast SEO plugin v27.4 - https:\/\/yoast.com\/product\/yoast-seo-wordpress\/ -->\n<title>Brand Identity Package \u2013 Full House - Funlus Oy - Mainostoimisto - Kuopio<\/title>\n<meta name=\"robots\" content=\"index, follow, max-snippet:-1, max-image-preview:large, max-video-preview:-1\" \/>\n<link rel=\"canonical\" href=\"https:\/\/www.funlus.fi\/en\/tuote\/brand-identity-package-full-house\/\" \/>\n<meta property=\"og:locale\" content=\"en_US\" \/>\n<meta property=\"og:type\" content=\"article\" \/>\n<meta property=\"og:title\" content=\"Brand Identity Package \u2013 Full House - Funlus Oy - Mainostoimisto - Kuopio\" \/>\n<meta property=\"og:description\" content=\"The package includes:  A unique, timeless, and distinctive logo designed and hand-drawn in Finland specifically for your company. (you will receive the logo in jpg, png, svg, and pdf formats, as well as in sizes optimized for social media)  Business cards designed for your company, featuring your logo and business details (150 pcs, 90mm x 50mm size, 300g paper)  Brand color specifications and a brief guide for using stock images  Typographic specifications and guidelines for font usage  PowerPoint templates with your company&#039;s color scheme (5-slide template)  A5 brochures designed with your brand&#039;s visual style (160g matte paper, 150 pcs)  5 vector graphics illustrations hand-drawn by our graphic designer for your company&#039;s marketing use  5 stock images that align with your company&#039;s brand  Total working time: 20 hours\" \/>\n<meta property=\"og:url\" content=\"https:\/\/www.funlus.fi\/en\/tuote\/brand-identity-package-full-house\/\" \/>\n<meta property=\"og:site_name\" content=\"Funlus Oy - Mainostoimisto - Kuopio\" \/>\n<meta property=\"article:modified_time\" content=\"2025-02-14T11:31:23+00:00\" \/>\n<meta property=\"og:image\" content=\"https:\/\/www.funlus.fi\/wp-content\/uploads\/2021\/09\/Funlus_Yritysilmepaketti_Tayskasi.jpg\" \/>\n\t<meta property=\"og:image:width\" content=\"1800\" \/>\n\t<meta property=\"og:image:height\" content=\"1800\" \/>\n\t<meta property=\"og:image:type\" content=\"image\/jpeg\" \/>\n<meta name=\"twitter:card\" content=\"summary_large_image\" \/>\n<script type=\"application\/ld+json\" class=\"yoast-schema-graph\">{\"@context\":\"https:\\\/\\\/schema.org\",\"@graph\":[{\"@type\":\"WebPage\",\"@id\":\"https:\\\/\\\/www.funlus.fi\\\/en\\\/tuote\\\/brand-identity-package-full-house\\\/\",\"url\":\"https:\\\/\\\/www.funlus.fi\\\/en\\\/tuote\\\/brand-identity-package-full-house\\\/\",\"name\":\"Brand Identity Package \u2013 Full House - Funlus Oy - Mainostoimisto - Kuopio\",\"isPartOf\":{\"@id\":\"https:\\\/\\\/www.funlus.fi\\\/en\\\/#website\"},\"primaryImageOfPage\":{\"@id\":\"https:\\\/\\\/www.funlus.fi\\\/en\\\/tuote\\\/brand-identity-package-full-house\\\/#primaryimage\"},\"image\":{\"@id\":\"https:\\\/\\\/www.funlus.fi\\\/en\\\/tuote\\\/brand-identity-package-full-house\\\/#primaryimage\"},\"thumbnailUrl\":\"https:\\\/\\\/www.funlus.fi\\\/wp-content\\\/uploads\\\/2021\\\/09\\\/Funlus_Yritysilmepaketti_Tayskasi.jpg\",\"datePublished\":\"2021-09-17T17:27:53+00:00\",\"dateModified\":\"2025-02-14T11:31:23+00:00\",\"breadcrumb\":{\"@id\":\"https:\\\/\\\/www.funlus.fi\\\/en\\\/tuote\\\/brand-identity-package-full-house\\\/#breadcrumb\"},\"inLanguage\":\"en-US\",\"potentialAction\":[{\"@type\":\"ReadAction\",\"target\":[\"https:\\\/\\\/www.funlus.fi\\\/en\\\/tuote\\\/brand-identity-package-full-house\\\/\"]}]},{\"@type\":\"ImageObject\",\"inLanguage\":\"en-US\",\"@id\":\"https:\\\/\\\/www.funlus.fi\\\/en\\\/tuote\\\/brand-identity-package-full-house\\\/#primaryimage\",\"url\":\"https:\\\/\\\/www.funlus.fi\\\/wp-content\\\/uploads\\\/2021\\\/09\\\/Funlus_Yritysilmepaketti_Tayskasi.jpg\",\"contentUrl\":\"https:\\\/\\\/www.funlus.fi\\\/wp-content\\\/uploads\\\/2021\\\/09\\\/Funlus_Yritysilmepaketti_Tayskasi.jpg\",\"width\":1800,\"height\":1800,\"caption\":\"Playing cards, three queens and two jacks.\"},{\"@type\":\"BreadcrumbList\",\"@id\":\"https:\\\/\\\/www.funlus.fi\\\/en\\\/tuote\\\/brand-identity-package-full-house\\\/#breadcrumb\",\"itemListElement\":[{\"@type\":\"ListItem\",\"position\":1,\"name\":\"Etusivu\",\"item\":\"https:\\\/\\\/www.funlus.fi\\\/en\\\/home-page\\\/\"},{\"@type\":\"ListItem\",\"position\":2,\"name\":\"Shop\",\"item\":\"https:\\\/\\\/www.funlus.fi\\\/en\\\/shop\\\/\"},{\"@type\":\"ListItem\",\"position\":3,\"name\":\"Brand Identity Package \u2013 Full House\"}]},{\"@type\":\"WebSite\",\"@id\":\"https:\\\/\\\/www.funlus.fi\\\/en\\\/#website\",\"url\":\"https:\\\/\\\/www.funlus.fi\\\/en\\\/\",\"name\":\"Funlus Oy - Mainostoimisto - Kuopio\",\"description\":\"Autamme asiakkaitamme viestim\u00e4\u00e4n selke\u00e4mmin, kiinnostavammin ja tavoitteellisemmin erilaisissa ymp\u00e4rist\u00f6iss\u00e4.\",\"potentialAction\":[{\"@type\":\"SearchAction\",\"target\":{\"@type\":\"EntryPoint\",\"urlTemplate\":\"https:\\\/\\\/www.funlus.fi\\\/en\\\/?s={search_term_string}\"},\"query-input\":{\"@type\":\"PropertyValueSpecification\",\"valueRequired\":true,\"valueName\":\"search_term_string\"}}],\"inLanguage\":\"en-US\"}]}<\/script>\n<!-- \/ Yoast SEO plugin. -->","yoast_head_json":{"title":"Brand Identity Package \u2013 Full House - Funlus Oy - Mainostoimisto - Kuopio","robots":{"index":"index","follow":"follow","max-snippet":"max-snippet:-1","max-image-preview":"max-image-preview:large","max-video-preview":"max-video-preview:-1"},"canonical":"https:\/\/www.funlus.fi\/en\/tuote\/brand-identity-package-full-house\/","og_locale":"en_US","og_type":"article","og_title":"Brand Identity Package \u2013 Full House - Funlus Oy - Mainostoimisto - Kuopio","og_description":"The package includes:  A unique, timeless, and distinctive logo designed and hand-drawn in Finland specifically for your company. (you will receive the logo in jpg, png, svg, and pdf formats, as well as in sizes optimized for social media)  Business cards designed for your company, featuring your logo and business details (150 pcs, 90mm x 50mm size, 300g paper)  Brand color specifications and a brief guide for using stock images  Typographic specifications and guidelines for font usage  PowerPoint templates with your company's color scheme (5-slide template)  A5 brochures designed with your brand's visual style (160g matte paper, 150 pcs)  5 vector graphics illustrations hand-drawn by our graphic designer for your company's marketing use  5 stock images that align with your company's brand  Total working time: 20 hours","og_url":"https:\/\/www.funlus.fi\/en\/tuote\/brand-identity-package-full-house\/","og_site_name":"Funlus Oy - Mainostoimisto - Kuopio","article_modified_time":"2025-02-14T11:31:23+00:00","og_image":[{"width":1800,"height":1800,"url":"https:\/\/www.funlus.fi\/wp-content\/uploads\/2021\/09\/Funlus_Yritysilmepaketti_Tayskasi.jpg","type":"image\/jpeg"}],"twitter_card":"summary_large_image","schema":{"@context":"https:\/\/schema.org","@graph":[{"@type":"WebPage","@id":"https:\/\/www.funlus.fi\/en\/tuote\/brand-identity-package-full-house\/","url":"https:\/\/www.funlus.fi\/en\/tuote\/brand-identity-package-full-house\/","name":"Brand Identity Package \u2013 Full House - Funlus Oy - Mainostoimisto - Kuopio","isPartOf":{"@id":"https:\/\/www.funlus.fi\/en\/#website"},"primaryImageOfPage":{"@id":"https:\/\/www.funlus.fi\/en\/tuote\/brand-identity-package-full-house\/#primaryimage"},"image":{"@id":"https:\/\/www.funlus.fi\/en\/tuote\/brand-identity-package-full-house\/#primaryimage"},"thumbnailUrl":"https:\/\/www.funlus.fi\/wp-content\/uploads\/2021\/09\/Funlus_Yritysilmepaketti_Tayskasi.jpg","datePublished":"2021-09-17T17:27:53+00:00","dateModified":"2025-02-14T11:31:23+00:00","breadcrumb":{"@id":"https:\/\/www.funlus.fi\/en\/tuote\/brand-identity-package-full-house\/#breadcrumb"},"inLanguage":"en-US","potentialAction":[{"@type":"ReadAction","target":["https:\/\/www.funlus.fi\/en\/tuote\/brand-identity-package-full-house\/"]}]},{"@type":"ImageObject","inLanguage":"en-US","@id":"https:\/\/www.funlus.fi\/en\/tuote\/brand-identity-package-full-house\/#primaryimage","url":"https:\/\/www.funlus.fi\/wp-content\/uploads\/2021\/09\/Funlus_Yritysilmepaketti_Tayskasi.jpg","contentUrl":"https:\/\/www.funlus.fi\/wp-content\/uploads\/2021\/09\/Funlus_Yritysilmepaketti_Tayskasi.jpg","width":1800,"height":1800,"caption":"Playing cards, three queens and two jacks."},{"@type":"BreadcrumbList","@id":"https:\/\/www.funlus.fi\/en\/tuote\/brand-identity-package-full-house\/#breadcrumb","itemListElement":[{"@type":"ListItem","position":1,"name":"Etusivu","item":"https:\/\/www.funlus.fi\/en\/home-page\/"},{"@type":"ListItem","position":2,"name":"Shop","item":"https:\/\/www.funlus.fi\/en\/shop\/"},{"@type":"ListItem","position":3,"name":"Brand Identity Package \u2013 Full House"}]},{"@type":"WebSite","@id":"https:\/\/www.funlus.fi\/en\/#website","url":"https:\/\/www.funlus.fi\/en\/","name":"Funlus Oy - Mainostoimisto - Kuopio","description":"Autamme asiakkaitamme viestim\u00e4\u00e4n selke\u00e4mmin, kiinnostavammin ja tavoitteellisemmin erilaisissa ymp\u00e4rist\u00f6iss\u00e4.","potentialAction":[{"@type":"SearchAction","target":{"@type":"EntryPoint","urlTemplate":"https:\/\/www.funlus.fi\/en\/?s={search_term_string}"},"query-input":{"@type":"PropertyValueSpecification","valueRequired":true,"valueName":"search_term_string"}}],"inLanguage":"en-US"}]}},"_links":{"self":[{"href":"https:\/\/www.funlus.fi\/en\/wp-json\/wp\/v2\/product\/4671","targetHints":{"allow":["GET"]}}],"collection":[{"href":"https:\/\/www.funlus.fi\/en\/wp-json\/wp\/v2\/product"}],"about":[{"href":"https:\/\/www.funlus.fi\/en\/wp-json\/wp\/v2\/types\/product"}],"wp:featuredmedia":[{"embeddable":true,"href":"https:\/\/www.funlus.fi\/en\/wp-json\/wp\/v2\/media\/4196"}],"wp:attachment":[{"href":"https:\/\/www.funlus.fi\/en\/wp-json\/wp\/v2\/media?parent=4671"}],"wp:term":[{"taxonomy":"product_brand","embeddable":true,"href":"https:\/\/www.funlus.fi\/en\/wp-json\/wp\/v2\/product_brand?post=4671"},{"taxonomy":"product_cat","embeddable":true,"href":"https:\/\/www.funlus.fi\/en\/wp-json\/wp\/v2\/product_cat?post=4671"},{"taxonomy":"product_tag","embeddable":true,"href":"https:\/\/www.funlus.fi\/en\/wp-json\/wp\/v2\/product_tag?post=4671"}],"curies":[{"name":"wp","href":"https:\/\/api.w.org\/{rel}","templated":true}]}}