{"id":4672,"date":"2021-09-17T19:29:32","date_gmt":"2021-09-17T17:29:32","guid":{"rendered":"https:\/\/www.funlus.fi\/tuote\/brand-identity-package-straight-flush\/"},"modified":"2021-09-17T19:29:32","modified_gmt":"2021-09-17T17:29:32","slug":"brand-identity-package-straight-flush","status":"publish","type":"product","link":"https:\/\/www.funlus.fi\/en\/tuote\/brand-identity-package-straight-flush\/","title":{"rendered":"Brand Identity Package \u2013 Straight Flush"},"content":{"rendered":"<h3><\/h3>\n<p>&nbsp;<\/p>\n<p>&nbsp;<\/p>\n","protected":false},"excerpt":{"rendered":"<h3>Funlus&#8217; Straight Flush is a high-quality brand identity package that ensures clear and effective communication success<\/h3>\n<p>The package includes:<\/p>\n<ul>\n<li> A unique, timeless, and distinctive vector logo designed and hand-drawn in Finland specifically for your company. You will receive the logo in jpg, png, svg, and pdf formats, as well as in sizes optimized for various social media platforms<\/li>\n<li>Business cards designed for your company, featuring your logo and business details (300 pcs, 90mm x 50mm size, 300g paper)<\/li>\n<li>PowerPoint templates styled with your company&#8217;s color scheme and typography (10-slide template)<\/li>\n<li>A5 brochures designed with your brand&#8217;s visual style (160g matte paper, 300 pcs)<\/li>\n<li>A graphic guidelines document covering brand color specifications, typography guidelines, logo usage instructions, and image usage recommendations (provided in PDF format)<\/li>\n<li>30 brand photographs of your company, which you can use for marketing purposes on social media, your website, and other marketing materials<\/li>\n<li>10 unique vector illustrations hand-drawn by a graphic designer for your company&#8217;s brand use<\/li>\n<li>10 custom handcrafted brand mugs, made in Finland<\/li>\n<li>5 T-shirts with your company\u2019s logo<\/li>\n<li>48 round stickers featuring your company&#8217;s color scheme and logo<\/li>\n<li>Total working time: 60 hours<\/li>\n<\/ul>\n","protected":false},"featured_media":4191,"template":"","meta":{"_acf_changed":false},"product_brand":[],"product_cat":[215],"product_tag":[],"class_list":{"0":"post-4672","1":"product","2":"type-product","3":"status-publish","4":"has-post-thumbnail","6":"product_cat-brand-identity","8":"first","9":"instock","10":"virtual","11":"taxable","12":"purchasable","13":"product-type-simple"},"acf":[],"yoast_head":"<!-- This site is optimized with the Yoast SEO plugin v27.4 - https:\/\/yoast.com\/product\/yoast-seo-wordpress\/ -->\n<title>Brand Identity Package \u2013 Straight Flush - Funlus Oy - Mainostoimisto - Kuopio<\/title>\n<meta name=\"robots\" content=\"index, follow, max-snippet:-1, max-image-preview:large, max-video-preview:-1\" \/>\n<link rel=\"canonical\" href=\"https:\/\/www.funlus.fi\/en\/tuote\/brand-identity-package-straight-flush\/\" \/>\n<meta property=\"og:locale\" content=\"en_US\" \/>\n<meta property=\"og:type\" content=\"article\" \/>\n<meta property=\"og:title\" content=\"Brand Identity Package \u2013 Straight Flush - Funlus Oy - Mainostoimisto - Kuopio\" \/>\n<meta property=\"og:description\" content=\"Funlus&#039; Straight Flush is a high-quality brand identity package that ensures clear and effective communication success The package includes:   A unique, timeless, and distinctive vector logo designed and hand-drawn in Finland specifically for your company. You will receive the logo in jpg, png, svg, and pdf formats, as well as in sizes optimized for various social media platforms  Business cards designed for your company, featuring your logo and business details (300 pcs, 90mm x 50mm size, 300g paper)  PowerPoint templates styled with your company&#039;s color scheme and typography (10-slide template)  A5 brochures designed with your brand&#039;s visual style (160g matte paper, 300 pcs)  A graphic guidelines document covering brand color specifications, typography guidelines, logo usage instructions, and image usage recommendations (provided in PDF format)  30 brand photographs of your company, which you can use for marketing purposes on social media, your website, and other marketing materials  10 unique vector illustrations hand-drawn by a graphic designer for your company&#039;s brand use  10 custom handcrafted brand mugs, made in Finland  5 T-shirts with your company\u2019s logo  48 round stickers featuring your company&#039;s color scheme and logo  Total working time: 60 hours\" \/>\n<meta property=\"og:url\" content=\"https:\/\/www.funlus.fi\/en\/tuote\/brand-identity-package-straight-flush\/\" \/>\n<meta property=\"og:site_name\" content=\"Funlus Oy - Mainostoimisto - Kuopio\" \/>\n<meta property=\"og:image\" content=\"https:\/\/www.funlus.fi\/wp-content\/uploads\/2021\/09\/Funlus_Yritysilmepaketti_Varisuora.jpg\" \/>\n\t<meta property=\"og:image:width\" content=\"1800\" \/>\n\t<meta property=\"og:image:height\" content=\"1800\" \/>\n\t<meta property=\"og:image:type\" content=\"image\/jpeg\" \/>\n<meta name=\"twitter:card\" content=\"summary_large_image\" \/>\n<script type=\"application\/ld+json\" class=\"yoast-schema-graph\">{\"@context\":\"https:\\\/\\\/schema.org\",\"@graph\":[{\"@type\":\"WebPage\",\"@id\":\"https:\\\/\\\/www.funlus.fi\\\/en\\\/tuote\\\/brand-identity-package-straight-flush\\\/\",\"url\":\"https:\\\/\\\/www.funlus.fi\\\/en\\\/tuote\\\/brand-identity-package-straight-flush\\\/\",\"name\":\"Brand Identity Package \u2013 Straight Flush - Funlus Oy - Mainostoimisto - Kuopio\",\"isPartOf\":{\"@id\":\"https:\\\/\\\/www.funlus.fi\\\/en\\\/#website\"},\"primaryImageOfPage\":{\"@id\":\"https:\\\/\\\/www.funlus.fi\\\/en\\\/tuote\\\/brand-identity-package-straight-flush\\\/#primaryimage\"},\"image\":{\"@id\":\"https:\\\/\\\/www.funlus.fi\\\/en\\\/tuote\\\/brand-identity-package-straight-flush\\\/#primaryimage\"},\"thumbnailUrl\":\"https:\\\/\\\/www.funlus.fi\\\/wp-content\\\/uploads\\\/2021\\\/09\\\/Funlus_Yritysilmepaketti_Varisuora.jpg\",\"datePublished\":\"2021-09-17T17:29:32+00:00\",\"breadcrumb\":{\"@id\":\"https:\\\/\\\/www.funlus.fi\\\/en\\\/tuote\\\/brand-identity-package-straight-flush\\\/#breadcrumb\"},\"inLanguage\":\"en-US\",\"potentialAction\":[{\"@type\":\"ReadAction\",\"target\":[\"https:\\\/\\\/www.funlus.fi\\\/en\\\/tuote\\\/brand-identity-package-straight-flush\\\/\"]}]},{\"@type\":\"ImageObject\",\"inLanguage\":\"en-US\",\"@id\":\"https:\\\/\\\/www.funlus.fi\\\/en\\\/tuote\\\/brand-identity-package-straight-flush\\\/#primaryimage\",\"url\":\"https:\\\/\\\/www.funlus.fi\\\/wp-content\\\/uploads\\\/2021\\\/09\\\/Funlus_Yritysilmepaketti_Varisuora.jpg\",\"contentUrl\":\"https:\\\/\\\/www.funlus.fi\\\/wp-content\\\/uploads\\\/2021\\\/09\\\/Funlus_Yritysilmepaketti_Varisuora.jpg\",\"width\":1800,\"height\":1800},{\"@type\":\"BreadcrumbList\",\"@id\":\"https:\\\/\\\/www.funlus.fi\\\/en\\\/tuote\\\/brand-identity-package-straight-flush\\\/#breadcrumb\",\"itemListElement\":[{\"@type\":\"ListItem\",\"position\":1,\"name\":\"Etusivu\",\"item\":\"https:\\\/\\\/www.funlus.fi\\\/en\\\/home-page\\\/\"},{\"@type\":\"ListItem\",\"position\":2,\"name\":\"Shop\",\"item\":\"https:\\\/\\\/www.funlus.fi\\\/en\\\/shop\\\/\"},{\"@type\":\"ListItem\",\"position\":3,\"name\":\"Brand Identity Package \u2013 Straight Flush\"}]},{\"@type\":\"WebSite\",\"@id\":\"https:\\\/\\\/www.funlus.fi\\\/en\\\/#website\",\"url\":\"https:\\\/\\\/www.funlus.fi\\\/en\\\/\",\"name\":\"Funlus Oy - Mainostoimisto - Kuopio\",\"description\":\"Autamme asiakkaitamme viestim\u00e4\u00e4n selke\u00e4mmin, kiinnostavammin ja tavoitteellisemmin erilaisissa ymp\u00e4rist\u00f6iss\u00e4.\",\"potentialAction\":[{\"@type\":\"SearchAction\",\"target\":{\"@type\":\"EntryPoint\",\"urlTemplate\":\"https:\\\/\\\/www.funlus.fi\\\/en\\\/?s={search_term_string}\"},\"query-input\":{\"@type\":\"PropertyValueSpecification\",\"valueRequired\":true,\"valueName\":\"search_term_string\"}}],\"inLanguage\":\"en-US\"}]}<\/script>\n<!-- \/ Yoast SEO plugin. -->","yoast_head_json":{"title":"Brand Identity Package \u2013 Straight Flush - Funlus Oy - Mainostoimisto - Kuopio","robots":{"index":"index","follow":"follow","max-snippet":"max-snippet:-1","max-image-preview":"max-image-preview:large","max-video-preview":"max-video-preview:-1"},"canonical":"https:\/\/www.funlus.fi\/en\/tuote\/brand-identity-package-straight-flush\/","og_locale":"en_US","og_type":"article","og_title":"Brand Identity Package \u2013 Straight Flush - Funlus Oy - Mainostoimisto - Kuopio","og_description":"Funlus' Straight Flush is a high-quality brand identity package that ensures clear and effective communication success The package includes:   A unique, timeless, and distinctive vector logo designed and hand-drawn in Finland specifically for your company. You will receive the logo in jpg, png, svg, and pdf formats, as well as in sizes optimized for various social media platforms  Business cards designed for your company, featuring your logo and business details (300 pcs, 90mm x 50mm size, 300g paper)  PowerPoint templates styled with your company's color scheme and typography (10-slide template)  A5 brochures designed with your brand's visual style (160g matte paper, 300 pcs)  A graphic guidelines document covering brand color specifications, typography guidelines, logo usage instructions, and image usage recommendations (provided in PDF format)  30 brand photographs of your company, which you can use for marketing purposes on social media, your website, and other marketing materials  10 unique vector illustrations hand-drawn by a graphic designer for your company's brand use  10 custom handcrafted brand mugs, made in Finland  5 T-shirts with your company\u2019s logo  48 round stickers featuring your company's color scheme and logo  Total working time: 60 hours","og_url":"https:\/\/www.funlus.fi\/en\/tuote\/brand-identity-package-straight-flush\/","og_site_name":"Funlus Oy - Mainostoimisto - Kuopio","og_image":[{"width":1800,"height":1800,"url":"https:\/\/www.funlus.fi\/wp-content\/uploads\/2021\/09\/Funlus_Yritysilmepaketti_Varisuora.jpg","type":"image\/jpeg"}],"twitter_card":"summary_large_image","schema":{"@context":"https:\/\/schema.org","@graph":[{"@type":"WebPage","@id":"https:\/\/www.funlus.fi\/en\/tuote\/brand-identity-package-straight-flush\/","url":"https:\/\/www.funlus.fi\/en\/tuote\/brand-identity-package-straight-flush\/","name":"Brand Identity Package \u2013 Straight Flush - Funlus Oy - Mainostoimisto - Kuopio","isPartOf":{"@id":"https:\/\/www.funlus.fi\/en\/#website"},"primaryImageOfPage":{"@id":"https:\/\/www.funlus.fi\/en\/tuote\/brand-identity-package-straight-flush\/#primaryimage"},"image":{"@id":"https:\/\/www.funlus.fi\/en\/tuote\/brand-identity-package-straight-flush\/#primaryimage"},"thumbnailUrl":"https:\/\/www.funlus.fi\/wp-content\/uploads\/2021\/09\/Funlus_Yritysilmepaketti_Varisuora.jpg","datePublished":"2021-09-17T17:29:32+00:00","breadcrumb":{"@id":"https:\/\/www.funlus.fi\/en\/tuote\/brand-identity-package-straight-flush\/#breadcrumb"},"inLanguage":"en-US","potentialAction":[{"@type":"ReadAction","target":["https:\/\/www.funlus.fi\/en\/tuote\/brand-identity-package-straight-flush\/"]}]},{"@type":"ImageObject","inLanguage":"en-US","@id":"https:\/\/www.funlus.fi\/en\/tuote\/brand-identity-package-straight-flush\/#primaryimage","url":"https:\/\/www.funlus.fi\/wp-content\/uploads\/2021\/09\/Funlus_Yritysilmepaketti_Varisuora.jpg","contentUrl":"https:\/\/www.funlus.fi\/wp-content\/uploads\/2021\/09\/Funlus_Yritysilmepaketti_Varisuora.jpg","width":1800,"height":1800},{"@type":"BreadcrumbList","@id":"https:\/\/www.funlus.fi\/en\/tuote\/brand-identity-package-straight-flush\/#breadcrumb","itemListElement":[{"@type":"ListItem","position":1,"name":"Etusivu","item":"https:\/\/www.funlus.fi\/en\/home-page\/"},{"@type":"ListItem","position":2,"name":"Shop","item":"https:\/\/www.funlus.fi\/en\/shop\/"},{"@type":"ListItem","position":3,"name":"Brand Identity Package \u2013 Straight Flush"}]},{"@type":"WebSite","@id":"https:\/\/www.funlus.fi\/en\/#website","url":"https:\/\/www.funlus.fi\/en\/","name":"Funlus Oy - Mainostoimisto - Kuopio","description":"Autamme asiakkaitamme viestim\u00e4\u00e4n selke\u00e4mmin, kiinnostavammin ja tavoitteellisemmin erilaisissa ymp\u00e4rist\u00f6iss\u00e4.","potentialAction":[{"@type":"SearchAction","target":{"@type":"EntryPoint","urlTemplate":"https:\/\/www.funlus.fi\/en\/?s={search_term_string}"},"query-input":{"@type":"PropertyValueSpecification","valueRequired":true,"valueName":"search_term_string"}}],"inLanguage":"en-US"}]}},"_links":{"self":[{"href":"https:\/\/www.funlus.fi\/en\/wp-json\/wp\/v2\/product\/4672","targetHints":{"allow":["GET"]}}],"collection":[{"href":"https:\/\/www.funlus.fi\/en\/wp-json\/wp\/v2\/product"}],"about":[{"href":"https:\/\/www.funlus.fi\/en\/wp-json\/wp\/v2\/types\/product"}],"wp:featuredmedia":[{"embeddable":true,"href":"https:\/\/www.funlus.fi\/en\/wp-json\/wp\/v2\/media\/4191"}],"wp:attachment":[{"href":"https:\/\/www.funlus.fi\/en\/wp-json\/wp\/v2\/media?parent=4672"}],"wp:term":[{"taxonomy":"product_brand","embeddable":true,"href":"https:\/\/www.funlus.fi\/en\/wp-json\/wp\/v2\/product_brand?post=4672"},{"taxonomy":"product_cat","embeddable":true,"href":"https:\/\/www.funlus.fi\/en\/wp-json\/wp\/v2\/product_cat?post=4672"},{"taxonomy":"product_tag","embeddable":true,"href":"https:\/\/www.funlus.fi\/en\/wp-json\/wp\/v2\/product_tag?post=4672"}],"curies":[{"name":"wp","href":"https:\/\/api.w.org\/{rel}","templated":true}]}}