{"id":4794,"date":"2021-10-06T13:41:40","date_gmt":"2021-10-06T11:41:40","guid":{"rendered":"https:\/\/www.funlus.fi\/tuote\/a-small-workbook-for-updating-your-brand-identity\/"},"modified":"2021-10-06T13:41:40","modified_gmt":"2021-10-06T11:41:40","slug":"a-small-workbook-for-updating-your-brand-identity","status":"publish","type":"product","link":"https:\/\/www.funlus.fi\/en\/tuote\/a-small-workbook-for-updating-your-brand-identity\/","title":{"rendered":"A small workbook for updating your brand identity"},"content":{"rendered":"","protected":false},"excerpt":{"rendered":"<p>The free workbook is designed to assist with the light redesign of your brand identity. With the fillable PDF workbook, you can outline the needs for changes to your brand identity and make small adjustments, such as to your website.<\/p>\n","protected":false},"featured_media":4273,"template":"","meta":{"_acf_changed":false},"product_brand":[],"product_cat":[218],"product_tag":[223,225,226,224],"class_list":{"0":"post-4794","1":"product","2":"type-product","3":"status-publish","4":"has-post-thumbnail","6":"product_cat-free-products","7":"product_tag-brand","8":"product_tag-free","9":"product_tag-visual-planning","10":"product_tag-workbook","12":"first","13":"instock","14":"downloadable","15":"taxable","16":"shipping-taxable","17":"purchasable","18":"product-type-simple"},"acf":[],"yoast_head":"<!-- This site is optimized with the Yoast SEO plugin v27.5 - https:\/\/yoast.com\/product\/yoast-seo-wordpress\/ -->\n<title>A small workbook for updating your brand identity - Funlus Oy - Mainostoimisto - Kuopio<\/title>\n<meta name=\"robots\" content=\"index, follow, max-snippet:-1, max-image-preview:large, max-video-preview:-1\" \/>\n<link rel=\"canonical\" href=\"https:\/\/www.funlus.fi\/en\/tuote\/a-small-workbook-for-updating-your-brand-identity\/\" \/>\n<meta property=\"og:locale\" content=\"en_US\" \/>\n<meta property=\"og:type\" content=\"article\" \/>\n<meta property=\"og:title\" content=\"A small workbook for updating your brand identity - Funlus Oy - Mainostoimisto - Kuopio\" \/>\n<meta property=\"og:description\" content=\"The free workbook is designed to assist with the light redesign of your brand identity. With the fillable PDF workbook, you can outline the needs for changes to your brand identity and make small adjustments, such as to your website.\" \/>\n<meta property=\"og:url\" content=\"https:\/\/www.funlus.fi\/en\/tuote\/a-small-workbook-for-updating-your-brand-identity\/\" \/>\n<meta property=\"og:site_name\" content=\"Funlus Oy - Mainostoimisto - Kuopio\" \/>\n<meta property=\"og:image\" content=\"https:\/\/www.funlus.fi\/wp-content\/uploads\/2021\/10\/Funlus_Ilmainen_Tyokirja_Yritysilmeen_Paivittamiseen_Muokattava-1.jpg\" \/>\n\t<meta property=\"og:image:width\" content=\"595\" \/>\n\t<meta property=\"og:image:height\" content=\"842\" \/>\n\t<meta property=\"og:image:type\" content=\"image\/jpeg\" \/>\n<meta name=\"twitter:card\" content=\"summary_large_image\" \/>\n<script type=\"application\/ld+json\" class=\"yoast-schema-graph\">{\"@context\":\"https:\\\/\\\/schema.org\",\"@graph\":[{\"@type\":\"WebPage\",\"@id\":\"https:\\\/\\\/www.funlus.fi\\\/en\\\/tuote\\\/a-small-workbook-for-updating-your-brand-identity\\\/\",\"url\":\"https:\\\/\\\/www.funlus.fi\\\/en\\\/tuote\\\/a-small-workbook-for-updating-your-brand-identity\\\/\",\"name\":\"A small workbook for updating your brand identity - Funlus Oy - Mainostoimisto - Kuopio\",\"isPartOf\":{\"@id\":\"https:\\\/\\\/www.funlus.fi\\\/en\\\/#website\"},\"primaryImageOfPage\":{\"@id\":\"https:\\\/\\\/www.funlus.fi\\\/en\\\/tuote\\\/a-small-workbook-for-updating-your-brand-identity\\\/#primaryimage\"},\"image\":{\"@id\":\"https:\\\/\\\/www.funlus.fi\\\/en\\\/tuote\\\/a-small-workbook-for-updating-your-brand-identity\\\/#primaryimage\"},\"thumbnailUrl\":\"https:\\\/\\\/www.funlus.fi\\\/wp-content\\\/uploads\\\/2021\\\/10\\\/Funlus_Ilmainen_Tyokirja_Yritysilmeen_Paivittamiseen_Muokattava-1.jpg\",\"datePublished\":\"2021-10-06T11:41:40+00:00\",\"breadcrumb\":{\"@id\":\"https:\\\/\\\/www.funlus.fi\\\/en\\\/tuote\\\/a-small-workbook-for-updating-your-brand-identity\\\/#breadcrumb\"},\"inLanguage\":\"en-US\",\"potentialAction\":[{\"@type\":\"ReadAction\",\"target\":[\"https:\\\/\\\/www.funlus.fi\\\/en\\\/tuote\\\/a-small-workbook-for-updating-your-brand-identity\\\/\"]}]},{\"@type\":\"ImageObject\",\"inLanguage\":\"en-US\",\"@id\":\"https:\\\/\\\/www.funlus.fi\\\/en\\\/tuote\\\/a-small-workbook-for-updating-your-brand-identity\\\/#primaryimage\",\"url\":\"https:\\\/\\\/www.funlus.fi\\\/wp-content\\\/uploads\\\/2021\\\/10\\\/Funlus_Ilmainen_Tyokirja_Yritysilmeen_Paivittamiseen_Muokattava-1.jpg\",\"contentUrl\":\"https:\\\/\\\/www.funlus.fi\\\/wp-content\\\/uploads\\\/2021\\\/10\\\/Funlus_Ilmainen_Tyokirja_Yritysilmeen_Paivittamiseen_Muokattava-1.jpg\",\"width\":595,\"height\":842},{\"@type\":\"BreadcrumbList\",\"@id\":\"https:\\\/\\\/www.funlus.fi\\\/en\\\/tuote\\\/a-small-workbook-for-updating-your-brand-identity\\\/#breadcrumb\",\"itemListElement\":[{\"@type\":\"ListItem\",\"position\":1,\"name\":\"Etusivu\",\"item\":\"https:\\\/\\\/www.funlus.fi\\\/en\\\/home-page\\\/\"},{\"@type\":\"ListItem\",\"position\":2,\"name\":\"Shop\",\"item\":\"https:\\\/\\\/www.funlus.fi\\\/en\\\/shop\\\/\"},{\"@type\":\"ListItem\",\"position\":3,\"name\":\"A small workbook for updating your brand identity\"}]},{\"@type\":\"WebSite\",\"@id\":\"https:\\\/\\\/www.funlus.fi\\\/en\\\/#website\",\"url\":\"https:\\\/\\\/www.funlus.fi\\\/en\\\/\",\"name\":\"Funlus Oy - Mainostoimisto - Kuopio\",\"description\":\"Autamme asiakkaitamme viestim\u00e4\u00e4n selke\u00e4mmin, kiinnostavammin ja tavoitteellisemmin erilaisissa ymp\u00e4rist\u00f6iss\u00e4.\",\"potentialAction\":[{\"@type\":\"SearchAction\",\"target\":{\"@type\":\"EntryPoint\",\"urlTemplate\":\"https:\\\/\\\/www.funlus.fi\\\/en\\\/?s={search_term_string}\"},\"query-input\":{\"@type\":\"PropertyValueSpecification\",\"valueRequired\":true,\"valueName\":\"search_term_string\"}}],\"inLanguage\":\"en-US\"}]}<\/script>\n<!-- \/ Yoast SEO plugin. -->","yoast_head_json":{"title":"A small workbook for updating your brand identity - Funlus Oy - Mainostoimisto - Kuopio","robots":{"index":"index","follow":"follow","max-snippet":"max-snippet:-1","max-image-preview":"max-image-preview:large","max-video-preview":"max-video-preview:-1"},"canonical":"https:\/\/www.funlus.fi\/en\/tuote\/a-small-workbook-for-updating-your-brand-identity\/","og_locale":"en_US","og_type":"article","og_title":"A small workbook for updating your brand identity - Funlus Oy - Mainostoimisto - Kuopio","og_description":"The free workbook is designed to assist with the light redesign of your brand identity. With the fillable PDF workbook, you can outline the needs for changes to your brand identity and make small adjustments, such as to your website.","og_url":"https:\/\/www.funlus.fi\/en\/tuote\/a-small-workbook-for-updating-your-brand-identity\/","og_site_name":"Funlus Oy - Mainostoimisto - Kuopio","og_image":[{"width":595,"height":842,"url":"https:\/\/www.funlus.fi\/wp-content\/uploads\/2021\/10\/Funlus_Ilmainen_Tyokirja_Yritysilmeen_Paivittamiseen_Muokattava-1.jpg","type":"image\/jpeg"}],"twitter_card":"summary_large_image","schema":{"@context":"https:\/\/schema.org","@graph":[{"@type":"WebPage","@id":"https:\/\/www.funlus.fi\/en\/tuote\/a-small-workbook-for-updating-your-brand-identity\/","url":"https:\/\/www.funlus.fi\/en\/tuote\/a-small-workbook-for-updating-your-brand-identity\/","name":"A small workbook for updating your brand identity - Funlus Oy - Mainostoimisto - Kuopio","isPartOf":{"@id":"https:\/\/www.funlus.fi\/en\/#website"},"primaryImageOfPage":{"@id":"https:\/\/www.funlus.fi\/en\/tuote\/a-small-workbook-for-updating-your-brand-identity\/#primaryimage"},"image":{"@id":"https:\/\/www.funlus.fi\/en\/tuote\/a-small-workbook-for-updating-your-brand-identity\/#primaryimage"},"thumbnailUrl":"https:\/\/www.funlus.fi\/wp-content\/uploads\/2021\/10\/Funlus_Ilmainen_Tyokirja_Yritysilmeen_Paivittamiseen_Muokattava-1.jpg","datePublished":"2021-10-06T11:41:40+00:00","breadcrumb":{"@id":"https:\/\/www.funlus.fi\/en\/tuote\/a-small-workbook-for-updating-your-brand-identity\/#breadcrumb"},"inLanguage":"en-US","potentialAction":[{"@type":"ReadAction","target":["https:\/\/www.funlus.fi\/en\/tuote\/a-small-workbook-for-updating-your-brand-identity\/"]}]},{"@type":"ImageObject","inLanguage":"en-US","@id":"https:\/\/www.funlus.fi\/en\/tuote\/a-small-workbook-for-updating-your-brand-identity\/#primaryimage","url":"https:\/\/www.funlus.fi\/wp-content\/uploads\/2021\/10\/Funlus_Ilmainen_Tyokirja_Yritysilmeen_Paivittamiseen_Muokattava-1.jpg","contentUrl":"https:\/\/www.funlus.fi\/wp-content\/uploads\/2021\/10\/Funlus_Ilmainen_Tyokirja_Yritysilmeen_Paivittamiseen_Muokattava-1.jpg","width":595,"height":842},{"@type":"BreadcrumbList","@id":"https:\/\/www.funlus.fi\/en\/tuote\/a-small-workbook-for-updating-your-brand-identity\/#breadcrumb","itemListElement":[{"@type":"ListItem","position":1,"name":"Etusivu","item":"https:\/\/www.funlus.fi\/en\/home-page\/"},{"@type":"ListItem","position":2,"name":"Shop","item":"https:\/\/www.funlus.fi\/en\/shop\/"},{"@type":"ListItem","position":3,"name":"A small workbook for updating your brand identity"}]},{"@type":"WebSite","@id":"https:\/\/www.funlus.fi\/en\/#website","url":"https:\/\/www.funlus.fi\/en\/","name":"Funlus Oy - Mainostoimisto - Kuopio","description":"Autamme asiakkaitamme viestim\u00e4\u00e4n selke\u00e4mmin, kiinnostavammin ja tavoitteellisemmin erilaisissa ymp\u00e4rist\u00f6iss\u00e4.","potentialAction":[{"@type":"SearchAction","target":{"@type":"EntryPoint","urlTemplate":"https:\/\/www.funlus.fi\/en\/?s={search_term_string}"},"query-input":{"@type":"PropertyValueSpecification","valueRequired":true,"valueName":"search_term_string"}}],"inLanguage":"en-US"}]}},"_links":{"self":[{"href":"https:\/\/www.funlus.fi\/en\/wp-json\/wp\/v2\/product\/4794","targetHints":{"allow":["GET"]}}],"collection":[{"href":"https:\/\/www.funlus.fi\/en\/wp-json\/wp\/v2\/product"}],"about":[{"href":"https:\/\/www.funlus.fi\/en\/wp-json\/wp\/v2\/types\/product"}],"wp:featuredmedia":[{"embeddable":true,"href":"https:\/\/www.funlus.fi\/en\/wp-json\/wp\/v2\/media\/4273"}],"wp:attachment":[{"href":"https:\/\/www.funlus.fi\/en\/wp-json\/wp\/v2\/media?parent=4794"}],"wp:term":[{"taxonomy":"product_brand","embeddable":true,"href":"https:\/\/www.funlus.fi\/en\/wp-json\/wp\/v2\/product_brand?post=4794"},{"taxonomy":"product_cat","embeddable":true,"href":"https:\/\/www.funlus.fi\/en\/wp-json\/wp\/v2\/product_cat?post=4794"},{"taxonomy":"product_tag","embeddable":true,"href":"https:\/\/www.funlus.fi\/en\/wp-json\/wp\/v2\/product_tag?post=4794"}],"curies":[{"name":"wp","href":"https:\/\/api.w.org\/{rel}","templated":true}]}}