{"id":4801,"date":"2021-10-05T18:48:44","date_gmt":"2021-10-05T16:48:44","guid":{"rendered":"https:\/\/www.funlus.fi\/tuote\/free-social-media-update-content-planning-template\/"},"modified":"2021-10-05T18:48:44","modified_gmt":"2021-10-05T16:48:44","slug":"free-social-media-update-content-planning-template","status":"publish","type":"product","link":"https:\/\/www.funlus.fi\/en\/tuote\/free-social-media-update-content-planning-template\/","title":{"rendered":"Free social media update content planning template"},"content":{"rendered":"","protected":false},"excerpt":{"rendered":"<p>The free social media update content plan is designed as a tool to help plan social media posts. Plan the publication times and themes for your social media updates in advance, and you&#8217;ll save time for other tasks. The PDF is editable, so you can conveniently write the themes of your updates directly into the form and save them to your computer.<\/p>\n","protected":false},"featured_media":4269,"template":"","meta":{"_acf_changed":false},"product_brand":[],"product_cat":[218],"product_tag":[227,225,228],"class_list":{"0":"post-4801","1":"product","2":"type-product","3":"status-publish","4":"has-post-thumbnail","6":"product_cat-free-products","7":"product_tag-content-plan","8":"product_tag-free","9":"product_tag-social-media","11":"first","12":"instock","13":"downloadable","14":"taxable","15":"shipping-taxable","16":"purchasable","17":"product-type-simple"},"acf":[],"yoast_head":"<!-- This site is optimized with the Yoast SEO plugin v27.5 - https:\/\/yoast.com\/product\/yoast-seo-wordpress\/ -->\n<title>Free social media update content planning template - Funlus Oy - Mainostoimisto - Kuopio<\/title>\n<meta name=\"robots\" content=\"index, follow, max-snippet:-1, max-image-preview:large, max-video-preview:-1\" \/>\n<link rel=\"canonical\" href=\"https:\/\/www.funlus.fi\/en\/tuote\/free-social-media-update-content-planning-template\/\" \/>\n<meta property=\"og:locale\" content=\"en_US\" \/>\n<meta property=\"og:type\" content=\"article\" \/>\n<meta property=\"og:title\" content=\"Free social media update content planning template - Funlus Oy - Mainostoimisto - Kuopio\" \/>\n<meta property=\"og:description\" content=\"The free social media update content plan is designed as a tool to help plan social media posts. Plan the publication times and themes for your social media updates in advance, and you&#039;ll save time for other tasks. The PDF is editable, so you can conveniently write the themes of your updates directly into the form and save them to your computer.\" \/>\n<meta property=\"og:url\" content=\"https:\/\/www.funlus.fi\/en\/tuote\/free-social-media-update-content-planning-template\/\" \/>\n<meta property=\"og:site_name\" content=\"Funlus Oy - Mainostoimisto - Kuopio\" \/>\n<meta property=\"og:image\" content=\"https:\/\/www.funlus.fi\/wp-content\/uploads\/2021\/10\/Funlus_Somepaivitysten_Suunnittelulomake_Ilmainen.jpg\" \/>\n\t<meta property=\"og:image:width\" content=\"595\" \/>\n\t<meta property=\"og:image:height\" content=\"842\" \/>\n\t<meta property=\"og:image:type\" content=\"image\/jpeg\" \/>\n<meta name=\"twitter:card\" content=\"summary_large_image\" \/>\n<script type=\"application\/ld+json\" class=\"yoast-schema-graph\">{\"@context\":\"https:\\\/\\\/schema.org\",\"@graph\":[{\"@type\":\"WebPage\",\"@id\":\"https:\\\/\\\/www.funlus.fi\\\/en\\\/tuote\\\/free-social-media-update-content-planning-template\\\/\",\"url\":\"https:\\\/\\\/www.funlus.fi\\\/en\\\/tuote\\\/free-social-media-update-content-planning-template\\\/\",\"name\":\"Free social media update content planning template - Funlus Oy - Mainostoimisto - Kuopio\",\"isPartOf\":{\"@id\":\"https:\\\/\\\/www.funlus.fi\\\/en\\\/#website\"},\"primaryImageOfPage\":{\"@id\":\"https:\\\/\\\/www.funlus.fi\\\/en\\\/tuote\\\/free-social-media-update-content-planning-template\\\/#primaryimage\"},\"image\":{\"@id\":\"https:\\\/\\\/www.funlus.fi\\\/en\\\/tuote\\\/free-social-media-update-content-planning-template\\\/#primaryimage\"},\"thumbnailUrl\":\"https:\\\/\\\/www.funlus.fi\\\/wp-content\\\/uploads\\\/2021\\\/10\\\/Funlus_Somepaivitysten_Suunnittelulomake_Ilmainen.jpg\",\"datePublished\":\"2021-10-05T16:48:44+00:00\",\"breadcrumb\":{\"@id\":\"https:\\\/\\\/www.funlus.fi\\\/en\\\/tuote\\\/free-social-media-update-content-planning-template\\\/#breadcrumb\"},\"inLanguage\":\"en-US\",\"potentialAction\":[{\"@type\":\"ReadAction\",\"target\":[\"https:\\\/\\\/www.funlus.fi\\\/en\\\/tuote\\\/free-social-media-update-content-planning-template\\\/\"]}]},{\"@type\":\"ImageObject\",\"inLanguage\":\"en-US\",\"@id\":\"https:\\\/\\\/www.funlus.fi\\\/en\\\/tuote\\\/free-social-media-update-content-planning-template\\\/#primaryimage\",\"url\":\"https:\\\/\\\/www.funlus.fi\\\/wp-content\\\/uploads\\\/2021\\\/10\\\/Funlus_Somepaivitysten_Suunnittelulomake_Ilmainen.jpg\",\"contentUrl\":\"https:\\\/\\\/www.funlus.fi\\\/wp-content\\\/uploads\\\/2021\\\/10\\\/Funlus_Somepaivitysten_Suunnittelulomake_Ilmainen.jpg\",\"width\":595,\"height\":842},{\"@type\":\"BreadcrumbList\",\"@id\":\"https:\\\/\\\/www.funlus.fi\\\/en\\\/tuote\\\/free-social-media-update-content-planning-template\\\/#breadcrumb\",\"itemListElement\":[{\"@type\":\"ListItem\",\"position\":1,\"name\":\"Etusivu\",\"item\":\"https:\\\/\\\/www.funlus.fi\\\/en\\\/home-page\\\/\"},{\"@type\":\"ListItem\",\"position\":2,\"name\":\"Shop\",\"item\":\"https:\\\/\\\/www.funlus.fi\\\/en\\\/shop\\\/\"},{\"@type\":\"ListItem\",\"position\":3,\"name\":\"Free social media update content planning template\"}]},{\"@type\":\"WebSite\",\"@id\":\"https:\\\/\\\/www.funlus.fi\\\/en\\\/#website\",\"url\":\"https:\\\/\\\/www.funlus.fi\\\/en\\\/\",\"name\":\"Funlus Oy - Mainostoimisto - Kuopio\",\"description\":\"Autamme asiakkaitamme viestim\u00e4\u00e4n selke\u00e4mmin, kiinnostavammin ja tavoitteellisemmin erilaisissa ymp\u00e4rist\u00f6iss\u00e4.\",\"potentialAction\":[{\"@type\":\"SearchAction\",\"target\":{\"@type\":\"EntryPoint\",\"urlTemplate\":\"https:\\\/\\\/www.funlus.fi\\\/en\\\/?s={search_term_string}\"},\"query-input\":{\"@type\":\"PropertyValueSpecification\",\"valueRequired\":true,\"valueName\":\"search_term_string\"}}],\"inLanguage\":\"en-US\"}]}<\/script>\n<!-- \/ Yoast SEO plugin. -->","yoast_head_json":{"title":"Free social media update content planning template - Funlus Oy - Mainostoimisto - Kuopio","robots":{"index":"index","follow":"follow","max-snippet":"max-snippet:-1","max-image-preview":"max-image-preview:large","max-video-preview":"max-video-preview:-1"},"canonical":"https:\/\/www.funlus.fi\/en\/tuote\/free-social-media-update-content-planning-template\/","og_locale":"en_US","og_type":"article","og_title":"Free social media update content planning template - Funlus Oy - Mainostoimisto - Kuopio","og_description":"The free social media update content plan is designed as a tool to help plan social media posts. Plan the publication times and themes for your social media updates in advance, and you'll save time for other tasks. The PDF is editable, so you can conveniently write the themes of your updates directly into the form and save them to your computer.","og_url":"https:\/\/www.funlus.fi\/en\/tuote\/free-social-media-update-content-planning-template\/","og_site_name":"Funlus Oy - Mainostoimisto - Kuopio","og_image":[{"width":595,"height":842,"url":"https:\/\/www.funlus.fi\/wp-content\/uploads\/2021\/10\/Funlus_Somepaivitysten_Suunnittelulomake_Ilmainen.jpg","type":"image\/jpeg"}],"twitter_card":"summary_large_image","schema":{"@context":"https:\/\/schema.org","@graph":[{"@type":"WebPage","@id":"https:\/\/www.funlus.fi\/en\/tuote\/free-social-media-update-content-planning-template\/","url":"https:\/\/www.funlus.fi\/en\/tuote\/free-social-media-update-content-planning-template\/","name":"Free social media update content planning template - Funlus Oy - Mainostoimisto - Kuopio","isPartOf":{"@id":"https:\/\/www.funlus.fi\/en\/#website"},"primaryImageOfPage":{"@id":"https:\/\/www.funlus.fi\/en\/tuote\/free-social-media-update-content-planning-template\/#primaryimage"},"image":{"@id":"https:\/\/www.funlus.fi\/en\/tuote\/free-social-media-update-content-planning-template\/#primaryimage"},"thumbnailUrl":"https:\/\/www.funlus.fi\/wp-content\/uploads\/2021\/10\/Funlus_Somepaivitysten_Suunnittelulomake_Ilmainen.jpg","datePublished":"2021-10-05T16:48:44+00:00","breadcrumb":{"@id":"https:\/\/www.funlus.fi\/en\/tuote\/free-social-media-update-content-planning-template\/#breadcrumb"},"inLanguage":"en-US","potentialAction":[{"@type":"ReadAction","target":["https:\/\/www.funlus.fi\/en\/tuote\/free-social-media-update-content-planning-template\/"]}]},{"@type":"ImageObject","inLanguage":"en-US","@id":"https:\/\/www.funlus.fi\/en\/tuote\/free-social-media-update-content-planning-template\/#primaryimage","url":"https:\/\/www.funlus.fi\/wp-content\/uploads\/2021\/10\/Funlus_Somepaivitysten_Suunnittelulomake_Ilmainen.jpg","contentUrl":"https:\/\/www.funlus.fi\/wp-content\/uploads\/2021\/10\/Funlus_Somepaivitysten_Suunnittelulomake_Ilmainen.jpg","width":595,"height":842},{"@type":"BreadcrumbList","@id":"https:\/\/www.funlus.fi\/en\/tuote\/free-social-media-update-content-planning-template\/#breadcrumb","itemListElement":[{"@type":"ListItem","position":1,"name":"Etusivu","item":"https:\/\/www.funlus.fi\/en\/home-page\/"},{"@type":"ListItem","position":2,"name":"Shop","item":"https:\/\/www.funlus.fi\/en\/shop\/"},{"@type":"ListItem","position":3,"name":"Free social media update content planning template"}]},{"@type":"WebSite","@id":"https:\/\/www.funlus.fi\/en\/#website","url":"https:\/\/www.funlus.fi\/en\/","name":"Funlus Oy - Mainostoimisto - Kuopio","description":"Autamme asiakkaitamme viestim\u00e4\u00e4n selke\u00e4mmin, kiinnostavammin ja tavoitteellisemmin erilaisissa ymp\u00e4rist\u00f6iss\u00e4.","potentialAction":[{"@type":"SearchAction","target":{"@type":"EntryPoint","urlTemplate":"https:\/\/www.funlus.fi\/en\/?s={search_term_string}"},"query-input":{"@type":"PropertyValueSpecification","valueRequired":true,"valueName":"search_term_string"}}],"inLanguage":"en-US"}]}},"_links":{"self":[{"href":"https:\/\/www.funlus.fi\/en\/wp-json\/wp\/v2\/product\/4801","targetHints":{"allow":["GET"]}}],"collection":[{"href":"https:\/\/www.funlus.fi\/en\/wp-json\/wp\/v2\/product"}],"about":[{"href":"https:\/\/www.funlus.fi\/en\/wp-json\/wp\/v2\/types\/product"}],"wp:featuredmedia":[{"embeddable":true,"href":"https:\/\/www.funlus.fi\/en\/wp-json\/wp\/v2\/media\/4269"}],"wp:attachment":[{"href":"https:\/\/www.funlus.fi\/en\/wp-json\/wp\/v2\/media?parent=4801"}],"wp:term":[{"taxonomy":"product_brand","embeddable":true,"href":"https:\/\/www.funlus.fi\/en\/wp-json\/wp\/v2\/product_brand?post=4801"},{"taxonomy":"product_cat","embeddable":true,"href":"https:\/\/www.funlus.fi\/en\/wp-json\/wp\/v2\/product_cat?post=4801"},{"taxonomy":"product_tag","embeddable":true,"href":"https:\/\/www.funlus.fi\/en\/wp-json\/wp\/v2\/product_tag?post=4801"}],"curies":[{"name":"wp","href":"https:\/\/api.w.org\/{rel}","templated":true}]}}