{"id":4807,"date":"2021-10-01T14:16:40","date_gmt":"2021-10-01T12:16:40","guid":{"rendered":"https:\/\/www.funlus.fi\/tuote\/it-support-service-packages-three-of-a-kind\/"},"modified":"2025-10-30T14:30:29","modified_gmt":"2025-10-30T12:30:29","slug":"it-support-service-packages-three-of-a-kind","status":"publish","type":"product","link":"https:\/\/www.funlus.fi\/en\/tuote\/it-support-service-packages-three-of-a-kind\/","title":{"rendered":"IT support service packages &#8211; Three of a Kind"},"content":{"rendered":"<p>This package is suitable for WordPress sites and their light user support.<\/p>\n<ul>\n<li>Hosting Solution (shared environment)<\/li>\n<li>Daily backups, with free restoration from them<\/li>\n<li>5GB disk space and 1 domain name (1 unit)<\/li>\n<li>Email inboxes (1-5 units) or Office 365 migration (licenses purchased separately)<\/li>\n<li> Recommended traffic limit: under 20 gigabytes per month<\/li>\n<li>Technical monitoring of the hosting solution&#8217;s servers 24\/7 (subcontractor)<\/li>\n<li>Reliable fast server spaces (EU)<\/li>\n<li>SSL protection (https)<\/li>\n<li>Technical user support service channels<\/li>\n<li>Content management system (CMS) user guide<\/li>\n<li>Email support<\/li>\n<li>Phone support<\/li>\n<li>On Weekdays from Monday to Friday from 9AM to 4PM<\/li>\n<li>Software product maintenance<\/li>\n<li>Content management system (WordPress) and update credits<\/li>\n<li>Security updates to the publishing system<\/li>\n<li>Theme updates<\/li>\n<\/ul>\n<p>Changes not related to support, content updates, or development work will be agreed upon separately as change work based on the current price list (according to the cost estimate).<\/p>\n<p>The contract period is 12 months.<\/p>\n","protected":false},"excerpt":{"rendered":"<h3>Funlus IT Support Package \u2013 Kolmoset is suitable for WordPress sites and their basic technical support needs.<\/h3>\n<h3 class=\"fusion-responsive-typography-calculated\" data-fontsize=\"32\" data-lineheight=\"41.6px\">The IT support service package includes<\/h3>\n<ul>\n<li>Self-service portal<\/li>\n<li>Email support<\/li>\n<li>Phone support<\/li>\n<li>On Weekdays from Monday to Friday from 9AM to 4PM<\/li>\n<li>Software product maintenance\n<ul>\n<li>Publishing system (WordPress) and update credits\n<ul>\n<li>Security updates to the publishing system<\/li>\n<\/ul>\n<\/li>\n<li>Theme updates<\/li>\n<\/ul>\n<\/li>\n<li>Shared web hosting environment<\/li>\n<\/ul>\n","protected":false},"featured_media":4195,"template":"","meta":{"_acf_changed":false},"product_brand":[],"product_cat":[229],"product_tag":[],"class_list":{"0":"post-4807","1":"product","2":"type-product","3":"status-publish","4":"has-post-thumbnail","6":"product_cat-it-support-services","8":"first","9":"instock","10":"virtual","11":"taxable","12":"purchasable","13":"product-type-simple"},"acf":[],"yoast_head":"<!-- This site is optimized with the Yoast SEO plugin v27.6 - https:\/\/yoast.com\/product\/yoast-seo-wordpress\/ -->\n<title>IT support service packages - Three of a Kind - Funlus Oy - Mainostoimisto - Kuopio<\/title>\n<meta name=\"robots\" content=\"index, follow, max-snippet:-1, max-image-preview:large, max-video-preview:-1\" \/>\n<link rel=\"canonical\" href=\"https:\/\/www.funlus.fi\/en\/tuote\/it-support-service-packages-three-of-a-kind\/\" \/>\n<meta property=\"og:locale\" content=\"en_US\" \/>\n<meta property=\"og:type\" content=\"article\" \/>\n<meta property=\"og:title\" content=\"IT support service packages - Three of a Kind - Funlus Oy - Mainostoimisto - Kuopio\" \/>\n<meta property=\"og:description\" content=\"Funlus IT Support Package \u2013 Kolmoset is suitable for WordPress sites and their basic technical support needs. The IT support service package includes  Self-service portal  Email support  Phone support  On Weekdays from Monday to Friday from 9AM to 4PM  Software product maintenance  Publishing system (WordPress) and update credits  Security updates to the publishing system   Theme updates   Shared web hosting environment\" \/>\n<meta property=\"og:url\" content=\"https:\/\/www.funlus.fi\/en\/tuote\/it-support-service-packages-three-of-a-kind\/\" \/>\n<meta property=\"og:site_name\" content=\"Funlus Oy - Mainostoimisto - Kuopio\" \/>\n<meta property=\"article:modified_time\" content=\"2025-10-30T12:30:29+00:00\" \/>\n<meta property=\"og:image\" content=\"https:\/\/www.funlus.fi\/wp-content\/uploads\/2021\/09\/Funlus_Yritysilmepaketti_Kolmoset-1.jpg\" \/>\n\t<meta property=\"og:image:width\" content=\"1800\" \/>\n\t<meta property=\"og:image:height\" content=\"1800\" \/>\n\t<meta property=\"og:image:type\" content=\"image\/jpeg\" \/>\n<meta name=\"twitter:card\" content=\"summary_large_image\" \/>\n<script type=\"application\/ld+json\" class=\"yoast-schema-graph\">{\"@context\":\"https:\\\/\\\/schema.org\",\"@graph\":[{\"@type\":\"WebPage\",\"@id\":\"https:\\\/\\\/www.funlus.fi\\\/en\\\/tuote\\\/it-support-service-packages-three-of-a-kind\\\/\",\"url\":\"https:\\\/\\\/www.funlus.fi\\\/en\\\/tuote\\\/it-support-service-packages-three-of-a-kind\\\/\",\"name\":\"IT support service packages - Three of a Kind - Funlus Oy - Mainostoimisto - Kuopio\",\"isPartOf\":{\"@id\":\"https:\\\/\\\/www.funlus.fi\\\/en\\\/#website\"},\"primaryImageOfPage\":{\"@id\":\"https:\\\/\\\/www.funlus.fi\\\/en\\\/tuote\\\/it-support-service-packages-three-of-a-kind\\\/#primaryimage\"},\"image\":{\"@id\":\"https:\\\/\\\/www.funlus.fi\\\/en\\\/tuote\\\/it-support-service-packages-three-of-a-kind\\\/#primaryimage\"},\"thumbnailUrl\":\"https:\\\/\\\/www.funlus.fi\\\/wp-content\\\/uploads\\\/2021\\\/09\\\/Funlus_Yritysilmepaketti_Kolmoset-1.jpg\",\"datePublished\":\"2021-10-01T12:16:40+00:00\",\"dateModified\":\"2025-10-30T12:30:29+00:00\",\"breadcrumb\":{\"@id\":\"https:\\\/\\\/www.funlus.fi\\\/en\\\/tuote\\\/it-support-service-packages-three-of-a-kind\\\/#breadcrumb\"},\"inLanguage\":\"en-US\",\"potentialAction\":[{\"@type\":\"ReadAction\",\"target\":[\"https:\\\/\\\/www.funlus.fi\\\/en\\\/tuote\\\/it-support-service-packages-three-of-a-kind\\\/\"]}]},{\"@type\":\"ImageObject\",\"inLanguage\":\"en-US\",\"@id\":\"https:\\\/\\\/www.funlus.fi\\\/en\\\/tuote\\\/it-support-service-packages-three-of-a-kind\\\/#primaryimage\",\"url\":\"https:\\\/\\\/www.funlus.fi\\\/wp-content\\\/uploads\\\/2021\\\/09\\\/Funlus_Yritysilmepaketti_Kolmoset-1.jpg\",\"contentUrl\":\"https:\\\/\\\/www.funlus.fi\\\/wp-content\\\/uploads\\\/2021\\\/09\\\/Funlus_Yritysilmepaketti_Kolmoset-1.jpg\",\"width\":1800,\"height\":1800,\"caption\":\"Three playing cards, tens.\"},{\"@type\":\"BreadcrumbList\",\"@id\":\"https:\\\/\\\/www.funlus.fi\\\/en\\\/tuote\\\/it-support-service-packages-three-of-a-kind\\\/#breadcrumb\",\"itemListElement\":[{\"@type\":\"ListItem\",\"position\":1,\"name\":\"Etusivu\",\"item\":\"https:\\\/\\\/www.funlus.fi\\\/en\\\/home-page\\\/\"},{\"@type\":\"ListItem\",\"position\":2,\"name\":\"Shop\",\"item\":\"https:\\\/\\\/www.funlus.fi\\\/en\\\/shop\\\/\"},{\"@type\":\"ListItem\",\"position\":3,\"name\":\"IT support service packages &#8211; Three of a Kind\"}]},{\"@type\":\"WebSite\",\"@id\":\"https:\\\/\\\/www.funlus.fi\\\/en\\\/#website\",\"url\":\"https:\\\/\\\/www.funlus.fi\\\/en\\\/\",\"name\":\"Funlus Oy - Mainostoimisto - Kuopio\",\"description\":\"Autamme asiakkaitamme viestim\u00e4\u00e4n selke\u00e4mmin, kiinnostavammin ja tavoitteellisemmin erilaisissa ymp\u00e4rist\u00f6iss\u00e4.\",\"potentialAction\":[{\"@type\":\"SearchAction\",\"target\":{\"@type\":\"EntryPoint\",\"urlTemplate\":\"https:\\\/\\\/www.funlus.fi\\\/en\\\/?s={search_term_string}\"},\"query-input\":{\"@type\":\"PropertyValueSpecification\",\"valueRequired\":true,\"valueName\":\"search_term_string\"}}],\"inLanguage\":\"en-US\"}]}<\/script>\n<!-- \/ Yoast SEO plugin. -->","yoast_head_json":{"title":"IT support service packages - Three of a Kind - Funlus Oy - Mainostoimisto - Kuopio","robots":{"index":"index","follow":"follow","max-snippet":"max-snippet:-1","max-image-preview":"max-image-preview:large","max-video-preview":"max-video-preview:-1"},"canonical":"https:\/\/www.funlus.fi\/en\/tuote\/it-support-service-packages-three-of-a-kind\/","og_locale":"en_US","og_type":"article","og_title":"IT support service packages - Three of a Kind - Funlus Oy - Mainostoimisto - Kuopio","og_description":"Funlus IT Support Package \u2013 Kolmoset is suitable for WordPress sites and their basic technical support needs. The IT support service package includes  Self-service portal  Email support  Phone support  On Weekdays from Monday to Friday from 9AM to 4PM  Software product maintenance  Publishing system (WordPress) and update credits  Security updates to the publishing system   Theme updates   Shared web hosting environment","og_url":"https:\/\/www.funlus.fi\/en\/tuote\/it-support-service-packages-three-of-a-kind\/","og_site_name":"Funlus Oy - Mainostoimisto - Kuopio","article_modified_time":"2025-10-30T12:30:29+00:00","og_image":[{"width":1800,"height":1800,"url":"https:\/\/www.funlus.fi\/wp-content\/uploads\/2021\/09\/Funlus_Yritysilmepaketti_Kolmoset-1.jpg","type":"image\/jpeg"}],"twitter_card":"summary_large_image","schema":{"@context":"https:\/\/schema.org","@graph":[{"@type":"WebPage","@id":"https:\/\/www.funlus.fi\/en\/tuote\/it-support-service-packages-three-of-a-kind\/","url":"https:\/\/www.funlus.fi\/en\/tuote\/it-support-service-packages-three-of-a-kind\/","name":"IT support service packages - Three of a Kind - Funlus Oy - Mainostoimisto - Kuopio","isPartOf":{"@id":"https:\/\/www.funlus.fi\/en\/#website"},"primaryImageOfPage":{"@id":"https:\/\/www.funlus.fi\/en\/tuote\/it-support-service-packages-three-of-a-kind\/#primaryimage"},"image":{"@id":"https:\/\/www.funlus.fi\/en\/tuote\/it-support-service-packages-three-of-a-kind\/#primaryimage"},"thumbnailUrl":"https:\/\/www.funlus.fi\/wp-content\/uploads\/2021\/09\/Funlus_Yritysilmepaketti_Kolmoset-1.jpg","datePublished":"2021-10-01T12:16:40+00:00","dateModified":"2025-10-30T12:30:29+00:00","breadcrumb":{"@id":"https:\/\/www.funlus.fi\/en\/tuote\/it-support-service-packages-three-of-a-kind\/#breadcrumb"},"inLanguage":"en-US","potentialAction":[{"@type":"ReadAction","target":["https:\/\/www.funlus.fi\/en\/tuote\/it-support-service-packages-three-of-a-kind\/"]}]},{"@type":"ImageObject","inLanguage":"en-US","@id":"https:\/\/www.funlus.fi\/en\/tuote\/it-support-service-packages-three-of-a-kind\/#primaryimage","url":"https:\/\/www.funlus.fi\/wp-content\/uploads\/2021\/09\/Funlus_Yritysilmepaketti_Kolmoset-1.jpg","contentUrl":"https:\/\/www.funlus.fi\/wp-content\/uploads\/2021\/09\/Funlus_Yritysilmepaketti_Kolmoset-1.jpg","width":1800,"height":1800,"caption":"Three playing cards, tens."},{"@type":"BreadcrumbList","@id":"https:\/\/www.funlus.fi\/en\/tuote\/it-support-service-packages-three-of-a-kind\/#breadcrumb","itemListElement":[{"@type":"ListItem","position":1,"name":"Etusivu","item":"https:\/\/www.funlus.fi\/en\/home-page\/"},{"@type":"ListItem","position":2,"name":"Shop","item":"https:\/\/www.funlus.fi\/en\/shop\/"},{"@type":"ListItem","position":3,"name":"IT support service packages &#8211; Three of a Kind"}]},{"@type":"WebSite","@id":"https:\/\/www.funlus.fi\/en\/#website","url":"https:\/\/www.funlus.fi\/en\/","name":"Funlus Oy - Mainostoimisto - Kuopio","description":"Autamme asiakkaitamme viestim\u00e4\u00e4n selke\u00e4mmin, kiinnostavammin ja tavoitteellisemmin erilaisissa ymp\u00e4rist\u00f6iss\u00e4.","potentialAction":[{"@type":"SearchAction","target":{"@type":"EntryPoint","urlTemplate":"https:\/\/www.funlus.fi\/en\/?s={search_term_string}"},"query-input":{"@type":"PropertyValueSpecification","valueRequired":true,"valueName":"search_term_string"}}],"inLanguage":"en-US"}]}},"_links":{"self":[{"href":"https:\/\/www.funlus.fi\/en\/wp-json\/wp\/v2\/product\/4807","targetHints":{"allow":["GET"]}}],"collection":[{"href":"https:\/\/www.funlus.fi\/en\/wp-json\/wp\/v2\/product"}],"about":[{"href":"https:\/\/www.funlus.fi\/en\/wp-json\/wp\/v2\/types\/product"}],"wp:featuredmedia":[{"embeddable":true,"href":"https:\/\/www.funlus.fi\/en\/wp-json\/wp\/v2\/media\/4195"}],"wp:attachment":[{"href":"https:\/\/www.funlus.fi\/en\/wp-json\/wp\/v2\/media?parent=4807"}],"wp:term":[{"taxonomy":"product_brand","embeddable":true,"href":"https:\/\/www.funlus.fi\/en\/wp-json\/wp\/v2\/product_brand?post=4807"},{"taxonomy":"product_cat","embeddable":true,"href":"https:\/\/www.funlus.fi\/en\/wp-json\/wp\/v2\/product_cat?post=4807"},{"taxonomy":"product_tag","embeddable":true,"href":"https:\/\/www.funlus.fi\/en\/wp-json\/wp\/v2\/product_tag?post=4807"}],"curies":[{"name":"wp","href":"https:\/\/api.w.org\/{rel}","templated":true}]}}