{"id":4836,"date":"2021-09-30T09:10:35","date_gmt":"2021-09-30T07:10:35","guid":{"rendered":"https:\/\/www.funlus.fi\/tuote\/e-commerce-packages-straight-flush\/"},"modified":"2021-09-30T09:10:35","modified_gmt":"2021-09-30T07:10:35","slug":"e-commerce-packages-straight-flush","status":"publish","type":"product","link":"https:\/\/www.funlus.fi\/en\/tuote\/e-commerce-packages-straight-flush\/","title":{"rendered":"E-commerce packages &#8211; Straight Flush"},"content":{"rendered":"<p>&nbsp;<\/p>\n<p>&nbsp;<\/p>\n","protected":false},"excerpt":{"rendered":"<h3>With Funlus&#8217; e-commerce package Straight Flush, you play your sales to victory.<\/h3>\n<h3>The e-commerce package includes<\/h3>\n<ul>\n<li>A customized WordPress + WooCommerce implementation<\/li>\n<li>Total working time: 100 hours<\/li>\n<li>Duration: 2 months from the receipt of materials<\/li>\n<li>The customer provides product information, texts and images, and a logo (vector format) (if the material is not ready, include the content creation package.)<\/li>\n<li>Service design workshop (Service Automation Framework)<\/li>\n<li>A work resource of 15 hours is allocated for revision rounds (the number of revision rounds is not a limiting factor)<\/li>\n<li>User training: 6 hours (remotely via Teams) (includes content marketing training)<\/li>\n<li>The WooCommerce online store is the customer&#8217;s property (transferable)<\/li>\n<\/ul>\n","protected":false},"featured_media":4218,"template":"","meta":{"_acf_changed":false},"product_brand":[],"product_cat":[231],"product_tag":[],"class_list":{"0":"post-4836","1":"product","2":"type-product","3":"status-publish","4":"has-post-thumbnail","6":"product_cat-e-commerce","8":"first","9":"instock","10":"virtual","11":"taxable","12":"purchasable","13":"product-type-simple"},"acf":[],"yoast_head":"<!-- This site is optimized with the Yoast SEO plugin v27.4 - https:\/\/yoast.com\/product\/yoast-seo-wordpress\/ -->\n<title>E-commerce packages - Straight Flush - Funlus Oy - Mainostoimisto - Kuopio<\/title>\n<meta name=\"robots\" content=\"index, follow, max-snippet:-1, max-image-preview:large, max-video-preview:-1\" \/>\n<link rel=\"canonical\" href=\"https:\/\/www.funlus.fi\/en\/tuote\/e-commerce-packages-straight-flush\/\" \/>\n<meta property=\"og:locale\" content=\"en_US\" \/>\n<meta property=\"og:type\" content=\"article\" \/>\n<meta property=\"og:title\" content=\"E-commerce packages - Straight Flush - Funlus Oy - Mainostoimisto - Kuopio\" \/>\n<meta property=\"og:description\" content=\"With Funlus&#039; e-commerce package Straight Flush, you play your sales to victory. The e-commerce package includes  A customized WordPress + WooCommerce implementation  Total working time: 100 hours  Duration: 2 months from the receipt of materials  The customer provides product information, texts and images, and a logo (vector format) (if the material is not ready, include the content creation package.)  Service design workshop (Service Automation Framework)  A work resource of 15 hours is allocated for revision rounds (the number of revision rounds is not a limiting factor)  User training: 6 hours (remotely via Teams) (includes content marketing training)  The WooCommerce online store is the customer&#039;s property (transferable)\" \/>\n<meta property=\"og:url\" content=\"https:\/\/www.funlus.fi\/en\/tuote\/e-commerce-packages-straight-flush\/\" \/>\n<meta property=\"og:site_name\" content=\"Funlus Oy - Mainostoimisto - Kuopio\" \/>\n<meta property=\"og:image\" content=\"https:\/\/www.funlus.fi\/wp-content\/uploads\/2021\/09\/Funlus_Koulutuspalvelupaketti_Varisuora.jpg\" \/>\n\t<meta property=\"og:image:width\" content=\"1800\" \/>\n\t<meta property=\"og:image:height\" content=\"1800\" \/>\n\t<meta property=\"og:image:type\" content=\"image\/jpeg\" \/>\n<meta name=\"twitter:card\" content=\"summary_large_image\" \/>\n<script type=\"application\/ld+json\" class=\"yoast-schema-graph\">{\"@context\":\"https:\\\/\\\/schema.org\",\"@graph\":[{\"@type\":\"WebPage\",\"@id\":\"https:\\\/\\\/www.funlus.fi\\\/en\\\/tuote\\\/e-commerce-packages-straight-flush\\\/\",\"url\":\"https:\\\/\\\/www.funlus.fi\\\/en\\\/tuote\\\/e-commerce-packages-straight-flush\\\/\",\"name\":\"E-commerce packages - Straight Flush - Funlus Oy - Mainostoimisto - Kuopio\",\"isPartOf\":{\"@id\":\"https:\\\/\\\/www.funlus.fi\\\/en\\\/#website\"},\"primaryImageOfPage\":{\"@id\":\"https:\\\/\\\/www.funlus.fi\\\/en\\\/tuote\\\/e-commerce-packages-straight-flush\\\/#primaryimage\"},\"image\":{\"@id\":\"https:\\\/\\\/www.funlus.fi\\\/en\\\/tuote\\\/e-commerce-packages-straight-flush\\\/#primaryimage\"},\"thumbnailUrl\":\"https:\\\/\\\/www.funlus.fi\\\/wp-content\\\/uploads\\\/2021\\\/09\\\/Funlus_Koulutuspalvelupaketti_Varisuora.jpg\",\"datePublished\":\"2021-09-30T07:10:35+00:00\",\"breadcrumb\":{\"@id\":\"https:\\\/\\\/www.funlus.fi\\\/en\\\/tuote\\\/e-commerce-packages-straight-flush\\\/#breadcrumb\"},\"inLanguage\":\"en-US\",\"potentialAction\":[{\"@type\":\"ReadAction\",\"target\":[\"https:\\\/\\\/www.funlus.fi\\\/en\\\/tuote\\\/e-commerce-packages-straight-flush\\\/\"]}]},{\"@type\":\"ImageObject\",\"inLanguage\":\"en-US\",\"@id\":\"https:\\\/\\\/www.funlus.fi\\\/en\\\/tuote\\\/e-commerce-packages-straight-flush\\\/#primaryimage\",\"url\":\"https:\\\/\\\/www.funlus.fi\\\/wp-content\\\/uploads\\\/2021\\\/09\\\/Funlus_Koulutuspalvelupaketti_Varisuora.jpg\",\"contentUrl\":\"https:\\\/\\\/www.funlus.fi\\\/wp-content\\\/uploads\\\/2021\\\/09\\\/Funlus_Koulutuspalvelupaketti_Varisuora.jpg\",\"width\":1800,\"height\":1800,\"caption\":\"Five playing cards that form a straight flush.\"},{\"@type\":\"BreadcrumbList\",\"@id\":\"https:\\\/\\\/www.funlus.fi\\\/en\\\/tuote\\\/e-commerce-packages-straight-flush\\\/#breadcrumb\",\"itemListElement\":[{\"@type\":\"ListItem\",\"position\":1,\"name\":\"Etusivu\",\"item\":\"https:\\\/\\\/www.funlus.fi\\\/en\\\/home-page\\\/\"},{\"@type\":\"ListItem\",\"position\":2,\"name\":\"Shop\",\"item\":\"https:\\\/\\\/www.funlus.fi\\\/en\\\/shop\\\/\"},{\"@type\":\"ListItem\",\"position\":3,\"name\":\"E-commerce packages &#8211; Straight Flush\"}]},{\"@type\":\"WebSite\",\"@id\":\"https:\\\/\\\/www.funlus.fi\\\/en\\\/#website\",\"url\":\"https:\\\/\\\/www.funlus.fi\\\/en\\\/\",\"name\":\"Funlus Oy - Mainostoimisto - Kuopio\",\"description\":\"Autamme asiakkaitamme viestim\u00e4\u00e4n selke\u00e4mmin, kiinnostavammin ja tavoitteellisemmin erilaisissa ymp\u00e4rist\u00f6iss\u00e4.\",\"potentialAction\":[{\"@type\":\"SearchAction\",\"target\":{\"@type\":\"EntryPoint\",\"urlTemplate\":\"https:\\\/\\\/www.funlus.fi\\\/en\\\/?s={search_term_string}\"},\"query-input\":{\"@type\":\"PropertyValueSpecification\",\"valueRequired\":true,\"valueName\":\"search_term_string\"}}],\"inLanguage\":\"en-US\"}]}<\/script>\n<!-- \/ Yoast SEO plugin. -->","yoast_head_json":{"title":"E-commerce packages - Straight Flush - Funlus Oy - Mainostoimisto - Kuopio","robots":{"index":"index","follow":"follow","max-snippet":"max-snippet:-1","max-image-preview":"max-image-preview:large","max-video-preview":"max-video-preview:-1"},"canonical":"https:\/\/www.funlus.fi\/en\/tuote\/e-commerce-packages-straight-flush\/","og_locale":"en_US","og_type":"article","og_title":"E-commerce packages - Straight Flush - Funlus Oy - Mainostoimisto - Kuopio","og_description":"With Funlus' e-commerce package Straight Flush, you play your sales to victory. The e-commerce package includes  A customized WordPress + WooCommerce implementation  Total working time: 100 hours  Duration: 2 months from the receipt of materials  The customer provides product information, texts and images, and a logo (vector format) (if the material is not ready, include the content creation package.)  Service design workshop (Service Automation Framework)  A work resource of 15 hours is allocated for revision rounds (the number of revision rounds is not a limiting factor)  User training: 6 hours (remotely via Teams) (includes content marketing training)  The WooCommerce online store is the customer's property (transferable)","og_url":"https:\/\/www.funlus.fi\/en\/tuote\/e-commerce-packages-straight-flush\/","og_site_name":"Funlus Oy - Mainostoimisto - Kuopio","og_image":[{"width":1800,"height":1800,"url":"https:\/\/www.funlus.fi\/wp-content\/uploads\/2021\/09\/Funlus_Koulutuspalvelupaketti_Varisuora.jpg","type":"image\/jpeg"}],"twitter_card":"summary_large_image","schema":{"@context":"https:\/\/schema.org","@graph":[{"@type":"WebPage","@id":"https:\/\/www.funlus.fi\/en\/tuote\/e-commerce-packages-straight-flush\/","url":"https:\/\/www.funlus.fi\/en\/tuote\/e-commerce-packages-straight-flush\/","name":"E-commerce packages - Straight Flush - Funlus Oy - Mainostoimisto - Kuopio","isPartOf":{"@id":"https:\/\/www.funlus.fi\/en\/#website"},"primaryImageOfPage":{"@id":"https:\/\/www.funlus.fi\/en\/tuote\/e-commerce-packages-straight-flush\/#primaryimage"},"image":{"@id":"https:\/\/www.funlus.fi\/en\/tuote\/e-commerce-packages-straight-flush\/#primaryimage"},"thumbnailUrl":"https:\/\/www.funlus.fi\/wp-content\/uploads\/2021\/09\/Funlus_Koulutuspalvelupaketti_Varisuora.jpg","datePublished":"2021-09-30T07:10:35+00:00","breadcrumb":{"@id":"https:\/\/www.funlus.fi\/en\/tuote\/e-commerce-packages-straight-flush\/#breadcrumb"},"inLanguage":"en-US","potentialAction":[{"@type":"ReadAction","target":["https:\/\/www.funlus.fi\/en\/tuote\/e-commerce-packages-straight-flush\/"]}]},{"@type":"ImageObject","inLanguage":"en-US","@id":"https:\/\/www.funlus.fi\/en\/tuote\/e-commerce-packages-straight-flush\/#primaryimage","url":"https:\/\/www.funlus.fi\/wp-content\/uploads\/2021\/09\/Funlus_Koulutuspalvelupaketti_Varisuora.jpg","contentUrl":"https:\/\/www.funlus.fi\/wp-content\/uploads\/2021\/09\/Funlus_Koulutuspalvelupaketti_Varisuora.jpg","width":1800,"height":1800,"caption":"Five playing cards that form a straight flush."},{"@type":"BreadcrumbList","@id":"https:\/\/www.funlus.fi\/en\/tuote\/e-commerce-packages-straight-flush\/#breadcrumb","itemListElement":[{"@type":"ListItem","position":1,"name":"Etusivu","item":"https:\/\/www.funlus.fi\/en\/home-page\/"},{"@type":"ListItem","position":2,"name":"Shop","item":"https:\/\/www.funlus.fi\/en\/shop\/"},{"@type":"ListItem","position":3,"name":"E-commerce packages &#8211; Straight Flush"}]},{"@type":"WebSite","@id":"https:\/\/www.funlus.fi\/en\/#website","url":"https:\/\/www.funlus.fi\/en\/","name":"Funlus Oy - Mainostoimisto - Kuopio","description":"Autamme asiakkaitamme viestim\u00e4\u00e4n selke\u00e4mmin, kiinnostavammin ja tavoitteellisemmin erilaisissa ymp\u00e4rist\u00f6iss\u00e4.","potentialAction":[{"@type":"SearchAction","target":{"@type":"EntryPoint","urlTemplate":"https:\/\/www.funlus.fi\/en\/?s={search_term_string}"},"query-input":{"@type":"PropertyValueSpecification","valueRequired":true,"valueName":"search_term_string"}}],"inLanguage":"en-US"}]}},"_links":{"self":[{"href":"https:\/\/www.funlus.fi\/en\/wp-json\/wp\/v2\/product\/4836","targetHints":{"allow":["GET"]}}],"collection":[{"href":"https:\/\/www.funlus.fi\/en\/wp-json\/wp\/v2\/product"}],"about":[{"href":"https:\/\/www.funlus.fi\/en\/wp-json\/wp\/v2\/types\/product"}],"wp:featuredmedia":[{"embeddable":true,"href":"https:\/\/www.funlus.fi\/en\/wp-json\/wp\/v2\/media\/4218"}],"wp:attachment":[{"href":"https:\/\/www.funlus.fi\/en\/wp-json\/wp\/v2\/media?parent=4836"}],"wp:term":[{"taxonomy":"product_brand","embeddable":true,"href":"https:\/\/www.funlus.fi\/en\/wp-json\/wp\/v2\/product_brand?post=4836"},{"taxonomy":"product_cat","embeddable":true,"href":"https:\/\/www.funlus.fi\/en\/wp-json\/wp\/v2\/product_cat?post=4836"},{"taxonomy":"product_tag","embeddable":true,"href":"https:\/\/www.funlus.fi\/en\/wp-json\/wp\/v2\/product_tag?post=4836"}],"curies":[{"name":"wp","href":"https:\/\/api.w.org\/{rel}","templated":true}]}}