{"id":4840,"date":"2021-10-01T13:34:21","date_gmt":"2021-10-01T11:34:21","guid":{"rendered":"https:\/\/www.funlus.fi\/tuote\/facebook-advertising-packages-three-of-a-kind\/"},"modified":"2021-10-01T13:34:21","modified_gmt":"2021-10-01T11:34:21","slug":"facebook-advertising-packages-three-of-a-kind","status":"publish","type":"product","link":"https:\/\/www.funlus.fi\/en\/tuote\/facebook-advertising-packages-three-of-a-kind\/","title":{"rendered":"Facebook advertising packages &#8211; Three of a Kind"},"content":{"rendered":"<p>The minimum contract period is 1 month. Order multiple units if you want a multi-month campaign.<\/p>\n","protected":false},"excerpt":{"rendered":"<h3>With Funlus&#8217; Facebook Advertising Package Three of a Kind, you kickstart your social media sales into rapid growth.<\/h3>\n<h3>The Facebook advertising package includes<\/h3>\n<ul>\n<li>Targeted reach: 1,500 \u2013 4,400 people<\/li>\n<li>Engagements per post: 268\u2013774<\/li>\n<li>Light campaign planning<\/li>\n<li>Target audience (age, life situation, interests) and location (area)<\/li>\n<li>Design of three advertisements based on the customer&#8217;s materials (image + text)\n<ul>\n<li>Customer&#8217;s own images\/videos or stock images (max 2 pieces).<\/li>\n<\/ul>\n<\/li>\n<li>Light campaign management<\/li>\n<li>Professional service fee: \u20ac159 &amp; media budget: \u20ac140<\/li>\n<li>Work time allocation: 2 hours<\/li>\n<li>Monthly report (PDF)<\/li>\n<li>Billing: 14 days net<\/li>\n<\/ul>\n","protected":false},"featured_media":4195,"template":"","meta":{"_acf_changed":false},"product_brand":[],"product_cat":[233],"product_tag":[],"class_list":{"0":"post-4840","1":"product","2":"type-product","3":"status-publish","4":"has-post-thumbnail","6":"product_cat-facebook-en","8":"first","9":"instock","10":"virtual","11":"taxable","12":"purchasable","13":"product-type-simple"},"acf":[],"yoast_head":"<!-- This site is optimized with the Yoast SEO plugin v27.4 - https:\/\/yoast.com\/product\/yoast-seo-wordpress\/ -->\n<title>Facebook advertising packages - Three of a Kind - Funlus Oy - Mainostoimisto - Kuopio<\/title>\n<meta name=\"robots\" content=\"index, follow, max-snippet:-1, max-image-preview:large, max-video-preview:-1\" \/>\n<link rel=\"canonical\" href=\"https:\/\/www.funlus.fi\/en\/tuote\/facebook-advertising-packages-three-of-a-kind\/\" \/>\n<meta property=\"og:locale\" content=\"en_US\" \/>\n<meta property=\"og:type\" content=\"article\" \/>\n<meta property=\"og:title\" content=\"Facebook advertising packages - Three of a Kind - Funlus Oy - Mainostoimisto - Kuopio\" \/>\n<meta property=\"og:description\" content=\"With Funlus&#039; Facebook Advertising Package Three of a Kind, you kickstart your social media sales into rapid growth. The Facebook advertising package includes  Targeted reach: 1,500 \u2013 4,400 people  Engagements per post: 268\u2013774  Light campaign planning  Target audience (age, life situation, interests) and location (area)  Design of three advertisements based on the customer&#039;s materials (image + text)  Customer&#039;s own images\/videos or stock images (max 2 pieces).   Light campaign management  Professional service fee: \u20ac159 &amp; media budget: \u20ac140  Work time allocation: 2 hours  Monthly report (PDF)  Billing: 14 days net\" \/>\n<meta property=\"og:url\" content=\"https:\/\/www.funlus.fi\/en\/tuote\/facebook-advertising-packages-three-of-a-kind\/\" \/>\n<meta property=\"og:site_name\" content=\"Funlus Oy - Mainostoimisto - Kuopio\" \/>\n<meta property=\"og:image\" content=\"https:\/\/www.funlus.fi\/wp-content\/uploads\/2021\/09\/Funlus_Yritysilmepaketti_Kolmoset-1.jpg\" \/>\n\t<meta property=\"og:image:width\" content=\"1800\" \/>\n\t<meta property=\"og:image:height\" content=\"1800\" \/>\n\t<meta property=\"og:image:type\" content=\"image\/jpeg\" \/>\n<meta name=\"twitter:card\" content=\"summary_large_image\" \/>\n<script type=\"application\/ld+json\" class=\"yoast-schema-graph\">{\"@context\":\"https:\\\/\\\/schema.org\",\"@graph\":[{\"@type\":\"WebPage\",\"@id\":\"https:\\\/\\\/www.funlus.fi\\\/en\\\/tuote\\\/facebook-advertising-packages-three-of-a-kind\\\/\",\"url\":\"https:\\\/\\\/www.funlus.fi\\\/en\\\/tuote\\\/facebook-advertising-packages-three-of-a-kind\\\/\",\"name\":\"Facebook advertising packages - Three of a Kind - Funlus Oy - Mainostoimisto - Kuopio\",\"isPartOf\":{\"@id\":\"https:\\\/\\\/www.funlus.fi\\\/en\\\/#website\"},\"primaryImageOfPage\":{\"@id\":\"https:\\\/\\\/www.funlus.fi\\\/en\\\/tuote\\\/facebook-advertising-packages-three-of-a-kind\\\/#primaryimage\"},\"image\":{\"@id\":\"https:\\\/\\\/www.funlus.fi\\\/en\\\/tuote\\\/facebook-advertising-packages-three-of-a-kind\\\/#primaryimage\"},\"thumbnailUrl\":\"https:\\\/\\\/www.funlus.fi\\\/wp-content\\\/uploads\\\/2021\\\/09\\\/Funlus_Yritysilmepaketti_Kolmoset-1.jpg\",\"datePublished\":\"2021-10-01T11:34:21+00:00\",\"breadcrumb\":{\"@id\":\"https:\\\/\\\/www.funlus.fi\\\/en\\\/tuote\\\/facebook-advertising-packages-three-of-a-kind\\\/#breadcrumb\"},\"inLanguage\":\"en-US\",\"potentialAction\":[{\"@type\":\"ReadAction\",\"target\":[\"https:\\\/\\\/www.funlus.fi\\\/en\\\/tuote\\\/facebook-advertising-packages-three-of-a-kind\\\/\"]}]},{\"@type\":\"ImageObject\",\"inLanguage\":\"en-US\",\"@id\":\"https:\\\/\\\/www.funlus.fi\\\/en\\\/tuote\\\/facebook-advertising-packages-three-of-a-kind\\\/#primaryimage\",\"url\":\"https:\\\/\\\/www.funlus.fi\\\/wp-content\\\/uploads\\\/2021\\\/09\\\/Funlus_Yritysilmepaketti_Kolmoset-1.jpg\",\"contentUrl\":\"https:\\\/\\\/www.funlus.fi\\\/wp-content\\\/uploads\\\/2021\\\/09\\\/Funlus_Yritysilmepaketti_Kolmoset-1.jpg\",\"width\":1800,\"height\":1800,\"caption\":\"Three playing cards, tens.\"},{\"@type\":\"BreadcrumbList\",\"@id\":\"https:\\\/\\\/www.funlus.fi\\\/en\\\/tuote\\\/facebook-advertising-packages-three-of-a-kind\\\/#breadcrumb\",\"itemListElement\":[{\"@type\":\"ListItem\",\"position\":1,\"name\":\"Etusivu\",\"item\":\"https:\\\/\\\/www.funlus.fi\\\/en\\\/home-page\\\/\"},{\"@type\":\"ListItem\",\"position\":2,\"name\":\"Shop\",\"item\":\"https:\\\/\\\/www.funlus.fi\\\/en\\\/shop\\\/\"},{\"@type\":\"ListItem\",\"position\":3,\"name\":\"Facebook advertising packages &#8211; Three of a Kind\"}]},{\"@type\":\"WebSite\",\"@id\":\"https:\\\/\\\/www.funlus.fi\\\/en\\\/#website\",\"url\":\"https:\\\/\\\/www.funlus.fi\\\/en\\\/\",\"name\":\"Funlus Oy - Mainostoimisto - Kuopio\",\"description\":\"Autamme asiakkaitamme viestim\u00e4\u00e4n selke\u00e4mmin, kiinnostavammin ja tavoitteellisemmin erilaisissa ymp\u00e4rist\u00f6iss\u00e4.\",\"potentialAction\":[{\"@type\":\"SearchAction\",\"target\":{\"@type\":\"EntryPoint\",\"urlTemplate\":\"https:\\\/\\\/www.funlus.fi\\\/en\\\/?s={search_term_string}\"},\"query-input\":{\"@type\":\"PropertyValueSpecification\",\"valueRequired\":true,\"valueName\":\"search_term_string\"}}],\"inLanguage\":\"en-US\"}]}<\/script>\n<!-- \/ Yoast SEO plugin. -->","yoast_head_json":{"title":"Facebook advertising packages - Three of a Kind - Funlus Oy - Mainostoimisto - Kuopio","robots":{"index":"index","follow":"follow","max-snippet":"max-snippet:-1","max-image-preview":"max-image-preview:large","max-video-preview":"max-video-preview:-1"},"canonical":"https:\/\/www.funlus.fi\/en\/tuote\/facebook-advertising-packages-three-of-a-kind\/","og_locale":"en_US","og_type":"article","og_title":"Facebook advertising packages - Three of a Kind - Funlus Oy - Mainostoimisto - Kuopio","og_description":"With Funlus' Facebook Advertising Package Three of a Kind, you kickstart your social media sales into rapid growth. The Facebook advertising package includes  Targeted reach: 1,500 \u2013 4,400 people  Engagements per post: 268\u2013774  Light campaign planning  Target audience (age, life situation, interests) and location (area)  Design of three advertisements based on the customer's materials (image + text)  Customer's own images\/videos or stock images (max 2 pieces).   Light campaign management  Professional service fee: \u20ac159 &amp; media budget: \u20ac140  Work time allocation: 2 hours  Monthly report (PDF)  Billing: 14 days net","og_url":"https:\/\/www.funlus.fi\/en\/tuote\/facebook-advertising-packages-three-of-a-kind\/","og_site_name":"Funlus Oy - Mainostoimisto - Kuopio","og_image":[{"width":1800,"height":1800,"url":"https:\/\/www.funlus.fi\/wp-content\/uploads\/2021\/09\/Funlus_Yritysilmepaketti_Kolmoset-1.jpg","type":"image\/jpeg"}],"twitter_card":"summary_large_image","schema":{"@context":"https:\/\/schema.org","@graph":[{"@type":"WebPage","@id":"https:\/\/www.funlus.fi\/en\/tuote\/facebook-advertising-packages-three-of-a-kind\/","url":"https:\/\/www.funlus.fi\/en\/tuote\/facebook-advertising-packages-three-of-a-kind\/","name":"Facebook advertising packages - Three of a Kind - Funlus Oy - Mainostoimisto - Kuopio","isPartOf":{"@id":"https:\/\/www.funlus.fi\/en\/#website"},"primaryImageOfPage":{"@id":"https:\/\/www.funlus.fi\/en\/tuote\/facebook-advertising-packages-three-of-a-kind\/#primaryimage"},"image":{"@id":"https:\/\/www.funlus.fi\/en\/tuote\/facebook-advertising-packages-three-of-a-kind\/#primaryimage"},"thumbnailUrl":"https:\/\/www.funlus.fi\/wp-content\/uploads\/2021\/09\/Funlus_Yritysilmepaketti_Kolmoset-1.jpg","datePublished":"2021-10-01T11:34:21+00:00","breadcrumb":{"@id":"https:\/\/www.funlus.fi\/en\/tuote\/facebook-advertising-packages-three-of-a-kind\/#breadcrumb"},"inLanguage":"en-US","potentialAction":[{"@type":"ReadAction","target":["https:\/\/www.funlus.fi\/en\/tuote\/facebook-advertising-packages-three-of-a-kind\/"]}]},{"@type":"ImageObject","inLanguage":"en-US","@id":"https:\/\/www.funlus.fi\/en\/tuote\/facebook-advertising-packages-three-of-a-kind\/#primaryimage","url":"https:\/\/www.funlus.fi\/wp-content\/uploads\/2021\/09\/Funlus_Yritysilmepaketti_Kolmoset-1.jpg","contentUrl":"https:\/\/www.funlus.fi\/wp-content\/uploads\/2021\/09\/Funlus_Yritysilmepaketti_Kolmoset-1.jpg","width":1800,"height":1800,"caption":"Three playing cards, tens."},{"@type":"BreadcrumbList","@id":"https:\/\/www.funlus.fi\/en\/tuote\/facebook-advertising-packages-three-of-a-kind\/#breadcrumb","itemListElement":[{"@type":"ListItem","position":1,"name":"Etusivu","item":"https:\/\/www.funlus.fi\/en\/home-page\/"},{"@type":"ListItem","position":2,"name":"Shop","item":"https:\/\/www.funlus.fi\/en\/shop\/"},{"@type":"ListItem","position":3,"name":"Facebook advertising packages &#8211; Three of a Kind"}]},{"@type":"WebSite","@id":"https:\/\/www.funlus.fi\/en\/#website","url":"https:\/\/www.funlus.fi\/en\/","name":"Funlus Oy - Mainostoimisto - Kuopio","description":"Autamme asiakkaitamme viestim\u00e4\u00e4n selke\u00e4mmin, kiinnostavammin ja tavoitteellisemmin erilaisissa ymp\u00e4rist\u00f6iss\u00e4.","potentialAction":[{"@type":"SearchAction","target":{"@type":"EntryPoint","urlTemplate":"https:\/\/www.funlus.fi\/en\/?s={search_term_string}"},"query-input":{"@type":"PropertyValueSpecification","valueRequired":true,"valueName":"search_term_string"}}],"inLanguage":"en-US"}]}},"_links":{"self":[{"href":"https:\/\/www.funlus.fi\/en\/wp-json\/wp\/v2\/product\/4840","targetHints":{"allow":["GET"]}}],"collection":[{"href":"https:\/\/www.funlus.fi\/en\/wp-json\/wp\/v2\/product"}],"about":[{"href":"https:\/\/www.funlus.fi\/en\/wp-json\/wp\/v2\/types\/product"}],"wp:featuredmedia":[{"embeddable":true,"href":"https:\/\/www.funlus.fi\/en\/wp-json\/wp\/v2\/media\/4195"}],"wp:attachment":[{"href":"https:\/\/www.funlus.fi\/en\/wp-json\/wp\/v2\/media?parent=4840"}],"wp:term":[{"taxonomy":"product_brand","embeddable":true,"href":"https:\/\/www.funlus.fi\/en\/wp-json\/wp\/v2\/product_brand?post=4840"},{"taxonomy":"product_cat","embeddable":true,"href":"https:\/\/www.funlus.fi\/en\/wp-json\/wp\/v2\/product_cat?post=4840"},{"taxonomy":"product_tag","embeddable":true,"href":"https:\/\/www.funlus.fi\/en\/wp-json\/wp\/v2\/product_tag?post=4840"}],"curies":[{"name":"wp","href":"https:\/\/api.w.org\/{rel}","templated":true}]}}