{"id":5280,"date":"2025-07-15T17:28:27","date_gmt":"2025-07-15T15:28:27","guid":{"rendered":"https:\/\/www.funlus.fi\/?post_type=product&#038;p=5280"},"modified":"2025-07-15T17:30:30","modified_gmt":"2025-07-15T15:30:30","slug":"training-service-packages-three-of-a-kind-kopio-kopio","status":"publish","type":"product","link":"https:\/\/www.funlus.fi\/en\/tuote\/training-service-packages-three-of-a-kind-kopio-kopio\/","title":{"rendered":"Training service packages \u2013 Three of a Kind (Kopio) (Kopio)"},"content":{"rendered":"","protected":false},"excerpt":{"rendered":"<h3>The Funlus Training Service Package Three of a Kind gets your learning off to a fast start. Suitable for associations, companies, and projects for direct procurement.<\/h3>\n<h3>The training service package includes<\/h3>\n<ul>\n<li>One customized training day, totaling 7 hours<\/li>\n<li>Each training day includes a 40-minute lunch break and two 10-minute coffee breaks<\/li>\n<li>For on-site training, travel expenses of \u20ac0.46\/km (from Kuopio) and any potential meeting room rental and catering costs will be added to the price<\/li>\n<li>No additional costs will be added to remote training sessions<\/li>\n<li>Training materials are provided in PDF format<\/li>\n<li>A recording of the remote training sessions will be made, with a 30-day viewing access.<\/li>\n<\/ul>\n","protected":false},"featured_media":4217,"template":"","meta":{"_acf_changed":false},"product_brand":[],"product_cat":[196],"product_tag":[],"class_list":{"0":"post-5280","1":"product","2":"type-product","3":"status-publish","4":"has-post-thumbnail","6":"product_cat-uncategorized-fi","8":"first","9":"instock","10":"virtual","11":"taxable","12":"purchasable","13":"product-type-simple"},"acf":[],"yoast_head":"<!-- This site is optimized with the Yoast SEO plugin v27.3 - https:\/\/yoast.com\/product\/yoast-seo-wordpress\/ -->\n<title>Training service packages \u2013 Three of a Kind (Kopio) (Kopio) - Funlus Oy - Mainostoimisto - Kuopio<\/title>\n<meta name=\"robots\" content=\"index, follow, max-snippet:-1, max-image-preview:large, max-video-preview:-1\" \/>\n<link rel=\"canonical\" href=\"https:\/\/www.funlus.fi\/en\/tuote\/training-service-packages-three-of-a-kind-kopio-kopio\/\" \/>\n<meta property=\"og:locale\" content=\"en_US\" \/>\n<meta property=\"og:type\" content=\"article\" \/>\n<meta property=\"og:title\" content=\"Training service packages \u2013 Three of a Kind (Kopio) (Kopio) - Funlus Oy - Mainostoimisto - Kuopio\" \/>\n<meta property=\"og:description\" content=\"The Funlus Training Service Package Three of a Kind gets your learning off to a fast start. Suitable for associations, companies, and projects for direct procurement. The training service package includes  One customized training day, totaling 7 hours  Each training day includes a 40-minute lunch break and two 10-minute coffee breaks  For on-site training, travel expenses of \u20ac0.46\/km (from Kuopio) and any potential meeting room rental and catering costs will be added to the price  No additional costs will be added to remote training sessions  Training materials are provided in PDF format  A recording of the remote training sessions will be made, with a 30-day viewing access.\" \/>\n<meta property=\"og:url\" content=\"https:\/\/www.funlus.fi\/en\/tuote\/training-service-packages-three-of-a-kind-kopio-kopio\/\" \/>\n<meta property=\"og:site_name\" content=\"Funlus Oy - Mainostoimisto - Kuopio\" \/>\n<meta property=\"article:modified_time\" content=\"2025-07-15T15:30:30+00:00\" \/>\n<meta property=\"og:image\" content=\"https:\/\/www.funlus.fi\/wp-content\/uploads\/2021\/09\/Funlus_Koulutuspalvelupaketti_Tayskasi.jpg\" \/>\n\t<meta property=\"og:image:width\" content=\"1800\" \/>\n\t<meta property=\"og:image:height\" content=\"1800\" \/>\n\t<meta property=\"og:image:type\" content=\"image\/jpeg\" \/>\n<meta name=\"twitter:card\" content=\"summary_large_image\" \/>\n<script type=\"application\/ld+json\" class=\"yoast-schema-graph\">{\"@context\":\"https:\\\/\\\/schema.org\",\"@graph\":[{\"@type\":\"WebPage\",\"@id\":\"https:\\\/\\\/www.funlus.fi\\\/en\\\/tuote\\\/training-service-packages-three-of-a-kind-kopio-kopio\\\/\",\"url\":\"https:\\\/\\\/www.funlus.fi\\\/en\\\/tuote\\\/training-service-packages-three-of-a-kind-kopio-kopio\\\/\",\"name\":\"Training service packages \u2013 Three of a Kind (Kopio) (Kopio) - Funlus Oy - Mainostoimisto - Kuopio\",\"isPartOf\":{\"@id\":\"https:\\\/\\\/www.funlus.fi\\\/#website\"},\"primaryImageOfPage\":{\"@id\":\"https:\\\/\\\/www.funlus.fi\\\/en\\\/tuote\\\/training-service-packages-three-of-a-kind-kopio-kopio\\\/#primaryimage\"},\"image\":{\"@id\":\"https:\\\/\\\/www.funlus.fi\\\/en\\\/tuote\\\/training-service-packages-three-of-a-kind-kopio-kopio\\\/#primaryimage\"},\"thumbnailUrl\":\"https:\\\/\\\/www.funlus.fi\\\/wp-content\\\/uploads\\\/2021\\\/09\\\/Funlus_Koulutuspalvelupaketti_Tayskasi.jpg\",\"datePublished\":\"2025-07-15T15:28:27+00:00\",\"dateModified\":\"2025-07-15T15:30:30+00:00\",\"breadcrumb\":{\"@id\":\"https:\\\/\\\/www.funlus.fi\\\/en\\\/tuote\\\/training-service-packages-three-of-a-kind-kopio-kopio\\\/#breadcrumb\"},\"inLanguage\":\"en-US\",\"potentialAction\":[{\"@type\":\"ReadAction\",\"target\":[\"https:\\\/\\\/www.funlus.fi\\\/en\\\/tuote\\\/training-service-packages-three-of-a-kind-kopio-kopio\\\/\"]}]},{\"@type\":\"ImageObject\",\"inLanguage\":\"en-US\",\"@id\":\"https:\\\/\\\/www.funlus.fi\\\/en\\\/tuote\\\/training-service-packages-three-of-a-kind-kopio-kopio\\\/#primaryimage\",\"url\":\"https:\\\/\\\/www.funlus.fi\\\/wp-content\\\/uploads\\\/2021\\\/09\\\/Funlus_Koulutuspalvelupaketti_Tayskasi.jpg\",\"contentUrl\":\"https:\\\/\\\/www.funlus.fi\\\/wp-content\\\/uploads\\\/2021\\\/09\\\/Funlus_Koulutuspalvelupaketti_Tayskasi.jpg\",\"width\":1800,\"height\":1800,\"caption\":\"Playing cards, three queens and two jacks.\"},{\"@type\":\"BreadcrumbList\",\"@id\":\"https:\\\/\\\/www.funlus.fi\\\/en\\\/tuote\\\/training-service-packages-three-of-a-kind-kopio-kopio\\\/#breadcrumb\",\"itemListElement\":[{\"@type\":\"ListItem\",\"position\":1,\"name\":\"Etusivu\",\"item\":\"https:\\\/\\\/www.funlus.fi\\\/en\\\/home-page\\\/\"},{\"@type\":\"ListItem\",\"position\":2,\"name\":\"Shop\",\"item\":\"https:\\\/\\\/www.funlus.fi\\\/en\\\/shop\\\/\"},{\"@type\":\"ListItem\",\"position\":3,\"name\":\"Training service packages \u2013 Three of a Kind (Kopio) (Kopio)\"}]},{\"@type\":\"WebSite\",\"@id\":\"https:\\\/\\\/www.funlus.fi\\\/#website\",\"url\":\"https:\\\/\\\/www.funlus.fi\\\/\",\"name\":\"Funlus Oy - Mainostoimisto - Kuopio\",\"description\":\"Autamme asiakkaitamme viestim\u00e4\u00e4n selke\u00e4mmin, kiinnostavammin ja tavoitteellisemmin erilaisissa ymp\u00e4rist\u00f6iss\u00e4.\",\"potentialAction\":[{\"@type\":\"SearchAction\",\"target\":{\"@type\":\"EntryPoint\",\"urlTemplate\":\"https:\\\/\\\/www.funlus.fi\\\/?s={search_term_string}\"},\"query-input\":{\"@type\":\"PropertyValueSpecification\",\"valueRequired\":true,\"valueName\":\"search_term_string\"}}],\"inLanguage\":\"en-US\"}]}<\/script>\n<!-- \/ Yoast SEO plugin. -->","yoast_head_json":{"title":"Training service packages \u2013 Three of a Kind (Kopio) (Kopio) - Funlus Oy - Mainostoimisto - Kuopio","robots":{"index":"index","follow":"follow","max-snippet":"max-snippet:-1","max-image-preview":"max-image-preview:large","max-video-preview":"max-video-preview:-1"},"canonical":"https:\/\/www.funlus.fi\/en\/tuote\/training-service-packages-three-of-a-kind-kopio-kopio\/","og_locale":"en_US","og_type":"article","og_title":"Training service packages \u2013 Three of a Kind (Kopio) (Kopio) - Funlus Oy - Mainostoimisto - Kuopio","og_description":"The Funlus Training Service Package Three of a Kind gets your learning off to a fast start. Suitable for associations, companies, and projects for direct procurement. The training service package includes  One customized training day, totaling 7 hours  Each training day includes a 40-minute lunch break and two 10-minute coffee breaks  For on-site training, travel expenses of \u20ac0.46\/km (from Kuopio) and any potential meeting room rental and catering costs will be added to the price  No additional costs will be added to remote training sessions  Training materials are provided in PDF format  A recording of the remote training sessions will be made, with a 30-day viewing access.","og_url":"https:\/\/www.funlus.fi\/en\/tuote\/training-service-packages-three-of-a-kind-kopio-kopio\/","og_site_name":"Funlus Oy - Mainostoimisto - Kuopio","article_modified_time":"2025-07-15T15:30:30+00:00","og_image":[{"width":1800,"height":1800,"url":"https:\/\/www.funlus.fi\/wp-content\/uploads\/2021\/09\/Funlus_Koulutuspalvelupaketti_Tayskasi.jpg","type":"image\/jpeg"}],"twitter_card":"summary_large_image","schema":{"@context":"https:\/\/schema.org","@graph":[{"@type":"WebPage","@id":"https:\/\/www.funlus.fi\/en\/tuote\/training-service-packages-three-of-a-kind-kopio-kopio\/","url":"https:\/\/www.funlus.fi\/en\/tuote\/training-service-packages-three-of-a-kind-kopio-kopio\/","name":"Training service packages \u2013 Three of a Kind (Kopio) (Kopio) - Funlus Oy - Mainostoimisto - Kuopio","isPartOf":{"@id":"https:\/\/www.funlus.fi\/#website"},"primaryImageOfPage":{"@id":"https:\/\/www.funlus.fi\/en\/tuote\/training-service-packages-three-of-a-kind-kopio-kopio\/#primaryimage"},"image":{"@id":"https:\/\/www.funlus.fi\/en\/tuote\/training-service-packages-three-of-a-kind-kopio-kopio\/#primaryimage"},"thumbnailUrl":"https:\/\/www.funlus.fi\/wp-content\/uploads\/2021\/09\/Funlus_Koulutuspalvelupaketti_Tayskasi.jpg","datePublished":"2025-07-15T15:28:27+00:00","dateModified":"2025-07-15T15:30:30+00:00","breadcrumb":{"@id":"https:\/\/www.funlus.fi\/en\/tuote\/training-service-packages-three-of-a-kind-kopio-kopio\/#breadcrumb"},"inLanguage":"en-US","potentialAction":[{"@type":"ReadAction","target":["https:\/\/www.funlus.fi\/en\/tuote\/training-service-packages-three-of-a-kind-kopio-kopio\/"]}]},{"@type":"ImageObject","inLanguage":"en-US","@id":"https:\/\/www.funlus.fi\/en\/tuote\/training-service-packages-three-of-a-kind-kopio-kopio\/#primaryimage","url":"https:\/\/www.funlus.fi\/wp-content\/uploads\/2021\/09\/Funlus_Koulutuspalvelupaketti_Tayskasi.jpg","contentUrl":"https:\/\/www.funlus.fi\/wp-content\/uploads\/2021\/09\/Funlus_Koulutuspalvelupaketti_Tayskasi.jpg","width":1800,"height":1800,"caption":"Playing cards, three queens and two jacks."},{"@type":"BreadcrumbList","@id":"https:\/\/www.funlus.fi\/en\/tuote\/training-service-packages-three-of-a-kind-kopio-kopio\/#breadcrumb","itemListElement":[{"@type":"ListItem","position":1,"name":"Etusivu","item":"https:\/\/www.funlus.fi\/en\/home-page\/"},{"@type":"ListItem","position":2,"name":"Shop","item":"https:\/\/www.funlus.fi\/en\/shop\/"},{"@type":"ListItem","position":3,"name":"Training service packages \u2013 Three of a Kind (Kopio) (Kopio)"}]},{"@type":"WebSite","@id":"https:\/\/www.funlus.fi\/#website","url":"https:\/\/www.funlus.fi\/","name":"Funlus Oy - Mainostoimisto - Kuopio","description":"Autamme asiakkaitamme viestim\u00e4\u00e4n selke\u00e4mmin, kiinnostavammin ja tavoitteellisemmin erilaisissa ymp\u00e4rist\u00f6iss\u00e4.","potentialAction":[{"@type":"SearchAction","target":{"@type":"EntryPoint","urlTemplate":"https:\/\/www.funlus.fi\/?s={search_term_string}"},"query-input":{"@type":"PropertyValueSpecification","valueRequired":true,"valueName":"search_term_string"}}],"inLanguage":"en-US"}]}},"_links":{"self":[{"href":"https:\/\/www.funlus.fi\/en\/wp-json\/wp\/v2\/product\/5280","targetHints":{"allow":["GET"]}}],"collection":[{"href":"https:\/\/www.funlus.fi\/en\/wp-json\/wp\/v2\/product"}],"about":[{"href":"https:\/\/www.funlus.fi\/en\/wp-json\/wp\/v2\/types\/product"}],"wp:featuredmedia":[{"embeddable":true,"href":"https:\/\/www.funlus.fi\/en\/wp-json\/wp\/v2\/media\/4217"}],"wp:attachment":[{"href":"https:\/\/www.funlus.fi\/en\/wp-json\/wp\/v2\/media?parent=5280"}],"wp:term":[{"taxonomy":"product_brand","embeddable":true,"href":"https:\/\/www.funlus.fi\/en\/wp-json\/wp\/v2\/product_brand?post=5280"},{"taxonomy":"product_cat","embeddable":true,"href":"https:\/\/www.funlus.fi\/en\/wp-json\/wp\/v2\/product_cat?post=5280"},{"taxonomy":"product_tag","embeddable":true,"href":"https:\/\/www.funlus.fi\/en\/wp-json\/wp\/v2\/product_tag?post=5280"}],"curies":[{"name":"wp","href":"https:\/\/api.w.org\/{rel}","templated":true}]}}